{"id":2022,"date":"2025-01-23T16:53:02","date_gmt":"2025-01-23T15:53:02","guid":{"rendered":"https:\/\/oyagastrobar.be\/bon-cadeau\/"},"modified":"2025-04-08T09:58:04","modified_gmt":"2025-04-08T08:58:04","slug":"bon-cadeau","status":"publish","type":"page","link":"https:\/\/oyagastrobar.be\/fr\/bon-cadeau\/","title":{"rendered":"Bon cadeau"},"content":{"rendered":"\t\t<div data-elementor-type=\"wp-page\" data-elementor-id=\"2022\" class=\"elementor elementor-2022 elementor-454\" data-elementor-post-type=\"page\">\n\t\t\t\t<div class=\"elementor-element elementor-element-22864d1 e-flex e-con-boxed e-con e-parent\" data-id=\"22864d1\" data-element_type=\"container\" data-e-type=\"container\" data-settings=\"{&quot;background_background&quot;:&quot;classic&quot;}\">\n\t\t\t\t\t<div class=\"e-con-inner\">\n\t\t<div class=\"elementor-element elementor-element-7e04330 e-con-full e-flex e-con e-child\" data-id=\"7e04330\" data-element_type=\"container\" data-e-type=\"container\">\n\t\t\t\t<div class=\"elementor-element elementor-element-076828b elementor-widget elementor-widget-heading\" data-id=\"076828b\" data-element_type=\"widget\" data-e-type=\"widget\" data-widget_type=\"heading.default\">\n\t\t\t\t<div class=\"elementor-widget-container\">\n\t\t\t\t\t<h2 class=\"elementor-heading-title elementor-size-default\">Offrez une exp\u00e9rience gourmande !<\/h2>\t\t\t\t<\/div>\n\t\t\t\t<\/div>\n\t\t\t\t<\/div>\n\t\t<div class=\"elementor-element elementor-element-8607bbb e-con-full e-flex e-con e-child\" data-id=\"8607bbb\" data-element_type=\"container\" data-e-type=\"container\">\n\t\t\t\t<div class=\"elementor-element elementor-element-36f68c4 elementor-widget elementor-widget-text-editor\" data-id=\"36f68c4\" data-element_type=\"widget\" data-e-type=\"widget\" data-widget_type=\"text-editor.default\">\n\t\t\t\t<div class=\"elementor-widget-container\">\n\t\t\t\t\t\t\t\t\t<p>Avec un bon cadeau oya, vous ne donnez pas qu\u2019un simple ch\u00e8que, mais un moment de partage, de d\u00e9couverte et de plaisir. Vous cr\u00e9ez de nouveaux souvenirs. Id\u00e9al pour toutes les occasions \u2013 des anniversaires aux surprises sans raison.   <\/p>\t\t\t\t\t\t\t\t<\/div>\n\t\t\t\t<\/div>\n\t\t\t\t<\/div>\n\t\t\t\t\t<\/div>\n\t\t\t\t<\/div>\n\t\t<div class=\"elementor-element elementor-element-ca4e89d e-flex e-con-boxed e-con e-parent\" data-id=\"ca4e89d\" data-element_type=\"container\" data-e-type=\"container\" data-settings=\"{&quot;motion_fx_motion_fx_scrolling&quot;:&quot;yes&quot;,&quot;motion_fx_translateY_effect&quot;:&quot;yes&quot;,&quot;motion_fx_translateY_speed&quot;:{&quot;unit&quot;:&quot;px&quot;,&quot;size&quot;:4,&quot;sizes&quot;:[]},&quot;motion_fx_translateY_affectedRange&quot;:{&quot;unit&quot;:&quot;%&quot;,&quot;size&quot;:&quot;&quot;,&quot;sizes&quot;:{&quot;start&quot;:0,&quot;end&quot;:100}},&quot;motion_fx_devices&quot;:[&quot;desktop&quot;,&quot;tablet&quot;,&quot;mobile&quot;]}\">\n\t\t\t\t\t<div class=\"e-con-inner\">\n\t\t\t\t<div class=\"elementor-element elementor-element-16c23f3 elementor-invisible elementor-widget elementor-widget-image\" data-id=\"16c23f3\" data-element_type=\"widget\" data-e-type=\"widget\" data-settings=\"{&quot;_animation&quot;:&quot;fadeInUp&quot;}\" data-widget_type=\"image.default\">\n\t\t\t\t<div class=\"elementor-widget-container\">\n\t\t\t\t\t\t\t\t\t\t\t\t\t\t\t<img fetchpriority=\"high\" decoding=\"async\" width=\"800\" height=\"339\" src=\"https:\/\/oyagastrobar.be\/wp-content\/uploads\/2025\/04\/Lowres-Oya-WAL_4694-e1744102679422-1024x434.jpg\" class=\"attachment-large size-large wp-image-2154\" alt=\"Samen genieten bij oya restaurant in Deerlijk\" srcset=\"https:\/\/oyagastrobar.be\/wp-content\/uploads\/2025\/04\/Lowres-Oya-WAL_4694-e1744102679422-1024x434.jpg 1024w, https:\/\/oyagastrobar.be\/wp-content\/uploads\/2025\/04\/Lowres-Oya-WAL_4694-e1744102679422-300x127.jpg 300w, https:\/\/oyagastrobar.be\/wp-content\/uploads\/2025\/04\/Lowres-Oya-WAL_4694-e1744102679422-768x326.jpg 768w, https:\/\/oyagastrobar.be\/wp-content\/uploads\/2025\/04\/Lowres-Oya-WAL_4694-e1744102679422-1536x652.jpg 1536w, https:\/\/oyagastrobar.be\/wp-content\/uploads\/2025\/04\/Lowres-Oya-WAL_4694-e1744102679422.jpg 1980w\" sizes=\"(max-width: 800px) 100vw, 800px\" \/>\t\t\t\t\t\t\t\t\t\t\t\t\t\t\t<\/div>\n\t\t\t\t<\/div>\n\t\t\t\t\t<\/div>\n\t\t\t\t<\/div>\n\t\t<div class=\"elementor-element elementor-element-76ddc24 e-con-full e-flex e-con e-parent\" data-id=\"76ddc24\" data-element_type=\"container\" data-e-type=\"container\">\n\t\t<div class=\"elementor-element elementor-element-71dbb10 e-con-full e-flex e-con e-child\" data-id=\"71dbb10\" data-element_type=\"container\" data-e-type=\"container\">\n\t\t\t\t<div class=\"elementor-element elementor-element-7a327ef elementor-invisible elementor-widget elementor-widget-heading\" data-id=\"7a327ef\" data-element_type=\"widget\" data-e-type=\"widget\" data-settings=\"{&quot;_animation&quot;:&quot;fadeInUp&quot;,&quot;_animation_delay&quot;:500}\" data-widget_type=\"heading.default\">\n\t\t\t\t<div class=\"elementor-widget-container\">\n\t\t\t\t\t<h2 class=\"elementor-heading-title elementor-size-default\">Envie de faire<br>\nplaisir avec un<br> cadeau gourmand ?<\/h2>\t\t\t\t<\/div>\n\t\t\t\t<\/div>\n\t\t\t\t<div class=\"elementor-element elementor-element-6f28b4c elementor-invisible elementor-widget elementor-widget-image\" data-id=\"6f28b4c\" data-element_type=\"widget\" data-e-type=\"widget\" data-settings=\"{&quot;motion_fx_motion_fx_scrolling&quot;:&quot;yes&quot;,&quot;motion_fx_scale_effect&quot;:&quot;yes&quot;,&quot;motion_fx_scale_speed&quot;:{&quot;unit&quot;:&quot;px&quot;,&quot;size&quot;:2,&quot;sizes&quot;:[]},&quot;_animation&quot;:&quot;fadeInUp&quot;,&quot;_animation_delay&quot;:2000,&quot;motion_fx_scale_direction&quot;:&quot;out-in&quot;,&quot;motion_fx_scale_range&quot;:{&quot;unit&quot;:&quot;%&quot;,&quot;size&quot;:&quot;&quot;,&quot;sizes&quot;:{&quot;start&quot;:20,&quot;end&quot;:80}},&quot;motion_fx_devices&quot;:[&quot;desktop&quot;,&quot;tablet&quot;,&quot;mobile&quot;]}\" data-widget_type=\"image.default\">\n\t\t\t\t<div class=\"elementor-widget-container\">\n\t\t\t\t\t\t\t\t\t\t\t\t\t\t\t<img decoding=\"async\" width=\"512\" height=\"512\" src=\"https:\/\/oyagastrobar.be\/wp-content\/uploads\/2024\/11\/cropped-oya_logo_RGBkaki.png\" class=\"attachment-medium_large size-medium_large wp-image-1986\" alt=\"\" srcset=\"https:\/\/oyagastrobar.be\/wp-content\/uploads\/2024\/11\/cropped-oya_logo_RGBkaki.png 512w, https:\/\/oyagastrobar.be\/wp-content\/uploads\/2024\/11\/cropped-oya_logo_RGBkaki-300x300.png 300w, https:\/\/oyagastrobar.be\/wp-content\/uploads\/2024\/11\/cropped-oya_logo_RGBkaki-150x150.png 150w, https:\/\/oyagastrobar.be\/wp-content\/uploads\/2024\/11\/cropped-oya_logo_RGBkaki-270x270.png 270w, https:\/\/oyagastrobar.be\/wp-content\/uploads\/2024\/11\/cropped-oya_logo_RGBkaki-192x192.png 192w, https:\/\/oyagastrobar.be\/wp-content\/uploads\/2024\/11\/cropped-oya_logo_RGBkaki-180x180.png 180w, https:\/\/oyagastrobar.be\/wp-content\/uploads\/2024\/11\/cropped-oya_logo_RGBkaki-32x32.png 32w\" sizes=\"(max-width: 512px) 100vw, 512px\" \/>\t\t\t\t\t\t\t\t\t\t\t\t\t\t\t<\/div>\n\t\t\t\t<\/div>\n\t\t\t\t<\/div>\n\t\t<div class=\"elementor-element elementor-element-df410f9 e-con-full e-flex e-con e-child\" data-id=\"df410f9\" data-element_type=\"container\" data-e-type=\"container\" data-settings=\"{&quot;background_background&quot;:&quot;classic&quot;}\">\n\t\t\t\t<div class=\"elementor-element elementor-element-d13924c elementor-widget elementor-widget-text-editor\" data-id=\"d13924c\" data-element_type=\"widget\" data-e-type=\"widget\" data-widget_type=\"text-editor.default\">\n\t\t\t\t<div class=\"elementor-widget-container\">\n\t\t\t\t\t\t\t\t\t<p>Nos bons sont disponibles en plusieurs montants, \u00e0 commander en ligne ou \u00e0 retirer directement au restaurant.<\/p>\t\t\t\t\t\t\t\t<\/div>\n\t\t\t\t<\/div>\n\t\t\t\t<div class=\"elementor-element elementor-element-f21ad7f elementor-mobile-align-justify elementor-widget elementor-widget-button\" data-id=\"f21ad7f\" data-element_type=\"widget\" data-e-type=\"widget\" data-widget_type=\"button.default\">\n\t\t\t\t<div class=\"elementor-widget-container\">\n\t\t\t\t\t\t\t\t\t<div class=\"elementor-button-wrapper\">\n\t\t\t\t\t<a class=\"elementor-button elementor-button-link elementor-size-sm elementor-animation-float\" href=\"https:\/\/www.tablefever.com\/nl\/cadeaubon\/oya\/mRkn1\" target=\"_blank\">\n\t\t\t\t\t\t<span class=\"elementor-button-content-wrapper\">\n\t\t\t\t\t\t\t\t\t<span class=\"elementor-button-text\">Commander un bon cadeau<\/span>\n\t\t\t\t\t<\/span>\n\t\t\t\t\t<\/a>\n\t\t\t\t<\/div>\n\t\t\t\t\t\t\t\t<\/div>\n\t\t\t\t<\/div>\n\t\t\t\t<\/div>\n\t\t\t\t<\/div>\n\t\t\t\t<\/div>\n\t\t","protected":false},"excerpt":{"rendered":"<p>Offrez une exp\u00e9rience gourmande ! Avec un bon cadeau oya, vous ne donnez pas qu\u2019un simple ch\u00e8que, mais un moment de partage, de d\u00e9couverte et de plaisir. Vous cr\u00e9ez de nouveaux souvenirs. Id\u00e9al pour toutes les occasions \u2013 des anniversaires aux surprises sans raison. Envie de faire plaisir avec un cadeau gourmand ? Nos bons [&hellip;]<\/p>\n","protected":false},"author":1,"featured_media":0,"parent":0,"menu_order":0,"comment_status":"closed","ping_status":"closed","template":"","meta":{"footnotes":""},"class_list":["post-2022","page","type-page","status-publish","hentry"],"yoast_head":"<!-- This site is optimized with the Yoast SEO plugin v27.4 - https:\/\/yoast.com\/product\/yoast-seo-wordpress\/ -->\n<title>Carte cadeau \u2013 Offrez une exp\u00e9rience \u00e0 Oya Gastrobar.<\/title>\n<meta name=\"description\" content=\"Surprenez quelqu&#039;un avec une carte cadeau d&#039;Oya Gastrobar. Le cadeau parfait pour partager un moment de plaisir ensemble. Facile \u00e0 commander en ligne.\" \/>\n<meta name=\"robots\" content=\"index, follow, max-snippet:-1, max-image-preview:large, max-video-preview:-1\" \/>\n<link rel=\"canonical\" href=\"https:\/\/oyagastrobar.be\/fr\/bon-cadeau\/\" \/>\n<meta property=\"og:locale\" content=\"fr_FR\" \/>\n<meta property=\"og:type\" content=\"article\" \/>\n<meta property=\"og:title\" content=\"Carte cadeau \u2013 Offrez une exp\u00e9rience \u00e0 Oya Gastrobar.\" \/>\n<meta property=\"og:description\" content=\"Surprenez quelqu&#039;un avec une carte cadeau d&#039;Oya Gastrobar. Le cadeau parfait pour partager un moment de plaisir ensemble. Facile \u00e0 commander en ligne.\" \/>\n<meta property=\"og:url\" content=\"https:\/\/oyagastrobar.be\/fr\/bon-cadeau\/\" \/>\n<meta property=\"og:site_name\" content=\"oya\" \/>\n<meta property=\"article:publisher\" content=\"https:\/\/www.facebook.com\/restaurantmarcusdeerlijk\/\" \/>\n<meta property=\"article:modified_time\" content=\"2025-04-08T08:58:04+00:00\" \/>\n<meta property=\"og:image\" content=\"https:\/\/oyagastrobar.be\/wp-content\/uploads\/2025\/02\/20241210-contentshoot-33-200x300.jpg\" \/>\n<meta name=\"twitter:card\" content=\"summary_large_image\" \/>\n<meta name=\"twitter:label1\" content=\"Dur\u00e9e de lecture estim\u00e9e\" \/>\n\t<meta name=\"twitter:data1\" content=\"1 minute\" \/>\n<script type=\"application\/ld+json\" class=\"yoast-schema-graph\">{\"@context\":\"https:\\\/\\\/schema.org\",\"@graph\":[{\"@type\":\"WebPage\",\"@id\":\"https:\\\/\\\/oyagastrobar.be\\\/fr\\\/bon-cadeau\\\/\",\"url\":\"https:\\\/\\\/oyagastrobar.be\\\/fr\\\/bon-cadeau\\\/\",\"name\":\"Carte cadeau \u2013 Offrez une exp\u00e9rience \u00e0 Oya Gastrobar.\",\"isPartOf\":{\"@id\":\"https:\\\/\\\/oyagastrobar.be\\\/fr\\\/#website\"},\"primaryImageOfPage\":{\"@id\":\"https:\\\/\\\/oyagastrobar.be\\\/fr\\\/bon-cadeau\\\/#primaryimage\"},\"image\":{\"@id\":\"https:\\\/\\\/oyagastrobar.be\\\/fr\\\/bon-cadeau\\\/#primaryimage\"},\"thumbnailUrl\":\"https:\\\/\\\/oyagastrobar.be\\\/wp-content\\\/uploads\\\/2025\\\/04\\\/Lowres-Oya-WAL_4694-e1744102679422-1024x434.jpg\",\"datePublished\":\"2025-01-23T15:53:02+00:00\",\"dateModified\":\"2025-04-08T08:58:04+00:00\",\"description\":\"Surprenez quelqu'un avec une carte cadeau d'Oya Gastrobar. Le cadeau parfait pour partager un moment de plaisir ensemble. Facile \u00e0 commander en ligne.\",\"breadcrumb\":{\"@id\":\"https:\\\/\\\/oyagastrobar.be\\\/fr\\\/bon-cadeau\\\/#breadcrumb\"},\"inLanguage\":\"fr-FR\",\"potentialAction\":[{\"@type\":\"ReadAction\",\"target\":[\"https:\\\/\\\/oyagastrobar.be\\\/fr\\\/bon-cadeau\\\/\"]}]},{\"@type\":\"ImageObject\",\"inLanguage\":\"fr-FR\",\"@id\":\"https:\\\/\\\/oyagastrobar.be\\\/fr\\\/bon-cadeau\\\/#primaryimage\",\"url\":\"https:\\\/\\\/oyagastrobar.be\\\/wp-content\\\/uploads\\\/2025\\\/04\\\/Lowres-Oya-WAL_4694-e1744102679422-1024x434.jpg\",\"contentUrl\":\"https:\\\/\\\/oyagastrobar.be\\\/wp-content\\\/uploads\\\/2025\\\/04\\\/Lowres-Oya-WAL_4694-e1744102679422-1024x434.jpg\"},{\"@type\":\"BreadcrumbList\",\"@id\":\"https:\\\/\\\/oyagastrobar.be\\\/fr\\\/bon-cadeau\\\/#breadcrumb\",\"itemListElement\":[{\"@type\":\"ListItem\",\"position\":1,\"name\":\"Home\",\"item\":\"https:\\\/\\\/oyagastrobar.be\\\/fr\\\/\"},{\"@type\":\"ListItem\",\"position\":2,\"name\":\"Bon cadeau\"}]},{\"@type\":\"WebSite\",\"@id\":\"https:\\\/\\\/oyagastrobar.be\\\/fr\\\/#website\",\"url\":\"https:\\\/\\\/oyagastrobar.be\\\/fr\\\/\",\"name\":\"oya gastrobar\",\"description\":\"Beleef de smaak\",\"publisher\":{\"@id\":\"https:\\\/\\\/oyagastrobar.be\\\/fr\\\/#organization\"},\"alternateName\":\"oya Deerlijk\",\"potentialAction\":[{\"@type\":\"SearchAction\",\"target\":{\"@type\":\"EntryPoint\",\"urlTemplate\":\"https:\\\/\\\/oyagastrobar.be\\\/fr\\\/?s={search_term_string}\"},\"query-input\":{\"@type\":\"PropertyValueSpecification\",\"valueRequired\":true,\"valueName\":\"search_term_string\"}}],\"inLanguage\":\"fr-FR\"},{\"@type\":\"Organization\",\"@id\":\"https:\\\/\\\/oyagastrobar.be\\\/fr\\\/#organization\",\"name\":\"oya gastrobar\",\"url\":\"https:\\\/\\\/oyagastrobar.be\\\/fr\\\/\",\"logo\":{\"@type\":\"ImageObject\",\"inLanguage\":\"fr-FR\",\"@id\":\"https:\\\/\\\/oyagastrobar.be\\\/fr\\\/#\\\/schema\\\/logo\\\/image\\\/\",\"url\":\"https:\\\/\\\/oyagastrobar.be\\\/wp-content\\\/uploads\\\/2024\\\/11\\\/oya_logo_RGBmetbaseline_kaki-1.svg\",\"contentUrl\":\"https:\\\/\\\/oyagastrobar.be\\\/wp-content\\\/uploads\\\/2024\\\/11\\\/oya_logo_RGBmetbaseline_kaki-1.svg\",\"width\":772,\"height\":237,\"caption\":\"oya gastrobar\"},\"image\":{\"@id\":\"https:\\\/\\\/oyagastrobar.be\\\/fr\\\/#\\\/schema\\\/logo\\\/image\\\/\"},\"sameAs\":[\"https:\\\/\\\/www.facebook.com\\\/restaurantmarcusdeerlijk\\\/\",\"https:\\\/\\\/www.instagram.com\\\/restaurant_marcus\\\/\"]}]}<\/script>\n<!-- \/ Yoast SEO plugin. -->","yoast_head_json":{"title":"Carte cadeau \u2013 Offrez une exp\u00e9rience \u00e0 Oya Gastrobar.","description":"Surprenez quelqu'un avec une carte cadeau d'Oya Gastrobar. Le cadeau parfait pour partager un moment de plaisir ensemble. Facile \u00e0 commander en ligne.","robots":{"index":"index","follow":"follow","max-snippet":"max-snippet:-1","max-image-preview":"max-image-preview:large","max-video-preview":"max-video-preview:-1"},"canonical":"https:\/\/oyagastrobar.be\/fr\/bon-cadeau\/","og_locale":"fr_FR","og_type":"article","og_title":"Carte cadeau \u2013 Offrez une exp\u00e9rience \u00e0 Oya Gastrobar.","og_description":"Surprenez quelqu'un avec une carte cadeau d'Oya Gastrobar. Le cadeau parfait pour partager un moment de plaisir ensemble. Facile \u00e0 commander en ligne.","og_url":"https:\/\/oyagastrobar.be\/fr\/bon-cadeau\/","og_site_name":"oya","article_publisher":"https:\/\/www.facebook.com\/restaurantmarcusdeerlijk\/","article_modified_time":"2025-04-08T08:58:04+00:00","og_image":[{"url":"https:\/\/oyagastrobar.be\/wp-content\/uploads\/2025\/02\/20241210-contentshoot-33-200x300.jpg","type":"","width":"","height":""}],"twitter_card":"summary_large_image","twitter_misc":{"Dur\u00e9e de lecture estim\u00e9e":"1 minute"},"schema":{"@context":"https:\/\/schema.org","@graph":[{"@type":"WebPage","@id":"https:\/\/oyagastrobar.be\/fr\/bon-cadeau\/","url":"https:\/\/oyagastrobar.be\/fr\/bon-cadeau\/","name":"Carte cadeau \u2013 Offrez une exp\u00e9rience \u00e0 Oya Gastrobar.","isPartOf":{"@id":"https:\/\/oyagastrobar.be\/fr\/#website"},"primaryImageOfPage":{"@id":"https:\/\/oyagastrobar.be\/fr\/bon-cadeau\/#primaryimage"},"image":{"@id":"https:\/\/oyagastrobar.be\/fr\/bon-cadeau\/#primaryimage"},"thumbnailUrl":"https:\/\/oyagastrobar.be\/wp-content\/uploads\/2025\/04\/Lowres-Oya-WAL_4694-e1744102679422-1024x434.jpg","datePublished":"2025-01-23T15:53:02+00:00","dateModified":"2025-04-08T08:58:04+00:00","description":"Surprenez quelqu'un avec une carte cadeau d'Oya Gastrobar. Le cadeau parfait pour partager un moment de plaisir ensemble. Facile \u00e0 commander en ligne.","breadcrumb":{"@id":"https:\/\/oyagastrobar.be\/fr\/bon-cadeau\/#breadcrumb"},"inLanguage":"fr-FR","potentialAction":[{"@type":"ReadAction","target":["https:\/\/oyagastrobar.be\/fr\/bon-cadeau\/"]}]},{"@type":"ImageObject","inLanguage":"fr-FR","@id":"https:\/\/oyagastrobar.be\/fr\/bon-cadeau\/#primaryimage","url":"https:\/\/oyagastrobar.be\/wp-content\/uploads\/2025\/04\/Lowres-Oya-WAL_4694-e1744102679422-1024x434.jpg","contentUrl":"https:\/\/oyagastrobar.be\/wp-content\/uploads\/2025\/04\/Lowres-Oya-WAL_4694-e1744102679422-1024x434.jpg"},{"@type":"BreadcrumbList","@id":"https:\/\/oyagastrobar.be\/fr\/bon-cadeau\/#breadcrumb","itemListElement":[{"@type":"ListItem","position":1,"name":"Home","item":"https:\/\/oyagastrobar.be\/fr\/"},{"@type":"ListItem","position":2,"name":"Bon cadeau"}]},{"@type":"WebSite","@id":"https:\/\/oyagastrobar.be\/fr\/#website","url":"https:\/\/oyagastrobar.be\/fr\/","name":"oya gastrobar","description":"Beleef de smaak","publisher":{"@id":"https:\/\/oyagastrobar.be\/fr\/#organization"},"alternateName":"oya Deerlijk","potentialAction":[{"@type":"SearchAction","target":{"@type":"EntryPoint","urlTemplate":"https:\/\/oyagastrobar.be\/fr\/?s={search_term_string}"},"query-input":{"@type":"PropertyValueSpecification","valueRequired":true,"valueName":"search_term_string"}}],"inLanguage":"fr-FR"},{"@type":"Organization","@id":"https:\/\/oyagastrobar.be\/fr\/#organization","name":"oya gastrobar","url":"https:\/\/oyagastrobar.be\/fr\/","logo":{"@type":"ImageObject","inLanguage":"fr-FR","@id":"https:\/\/oyagastrobar.be\/fr\/#\/schema\/logo\/image\/","url":"https:\/\/oyagastrobar.be\/wp-content\/uploads\/2024\/11\/oya_logo_RGBmetbaseline_kaki-1.svg","contentUrl":"https:\/\/oyagastrobar.be\/wp-content\/uploads\/2024\/11\/oya_logo_RGBmetbaseline_kaki-1.svg","width":772,"height":237,"caption":"oya gastrobar"},"image":{"@id":"https:\/\/oyagastrobar.be\/fr\/#\/schema\/logo\/image\/"},"sameAs":["https:\/\/www.facebook.com\/restaurantmarcusdeerlijk\/","https:\/\/www.instagram.com\/restaurant_marcus\/"]}]}},"_links":{"self":[{"href":"https:\/\/oyagastrobar.be\/fr\/wp-json\/wp\/v2\/pages\/2022","targetHints":{"allow":["GET"]}}],"collection":[{"href":"https:\/\/oyagastrobar.be\/fr\/wp-json\/wp\/v2\/pages"}],"about":[{"href":"https:\/\/oyagastrobar.be\/fr\/wp-json\/wp\/v2\/types\/page"}],"author":[{"embeddable":true,"href":"https:\/\/oyagastrobar.be\/fr\/wp-json\/wp\/v2\/users\/1"}],"replies":[{"embeddable":true,"href":"https:\/\/oyagastrobar.be\/fr\/wp-json\/wp\/v2\/comments?post=2022"}],"version-history":[{"count":12,"href":"https:\/\/oyagastrobar.be\/fr\/wp-json\/wp\/v2\/pages\/2022\/revisions"}],"predecessor-version":[{"id":2361,"href":"https:\/\/oyagastrobar.be\/fr\/wp-json\/wp\/v2\/pages\/2022\/revisions\/2361"}],"wp:attachment":[{"href":"https:\/\/oyagastrobar.be\/fr\/wp-json\/wp\/v2\/media?parent=2022"}],"curies":[{"name":"wp","href":"https:\/\/api.w.org\/{rel}","templated":true}]}}