{"id":2024,"date":"2025-01-23T16:39:57","date_gmt":"2025-01-23T15:39:57","guid":{"rendered":"https:\/\/oyagastrobar.be\/contact\/"},"modified":"2025-04-07T10:57:02","modified_gmt":"2025-04-07T09:57:02","slug":"contact","status":"publish","type":"page","link":"https:\/\/oyagastrobar.be\/fr\/contact\/","title":{"rendered":"Contact"},"content":{"rendered":"\t\t<div data-elementor-type=\"wp-page\" data-elementor-id=\"2024\" class=\"elementor elementor-2024 elementor-417\" data-elementor-post-type=\"page\">\n\t\t\t\t<div class=\"elementor-element elementor-element-d9f19d6 e-grid e-con-boxed e-con e-parent\" data-id=\"d9f19d6\" data-element_type=\"container\" data-e-type=\"container\" data-settings=\"{&quot;background_background&quot;:&quot;classic&quot;}\">\n\t\t\t\t\t<div class=\"e-con-inner\">\n\t\t<div class=\"elementor-element elementor-element-69b8f49 e-con-full e-flex e-con e-child\" data-id=\"69b8f49\" data-element_type=\"container\" data-e-type=\"container\">\n\t\t\t\t<div class=\"elementor-element elementor-element-6927f8e elementor-widget elementor-widget-heading\" data-id=\"6927f8e\" data-element_type=\"widget\" data-e-type=\"widget\" data-widget_type=\"heading.default\">\n\t\t\t\t<div class=\"elementor-widget-container\">\n\t\t\t\t\t<h1 class=\"elementor-heading-title elementor-size-default\">Venez vivre l\u2019exp\u00e9rience oya !<\/h1>\t\t\t\t<\/div>\n\t\t\t\t<\/div>\n\t\t\t\t<div class=\"elementor-element elementor-element-66ca09a elementor-widget elementor-widget-text-editor\" data-id=\"66ca09a\" data-element_type=\"widget\" data-e-type=\"widget\" data-widget_type=\"text-editor.default\">\n\t\t\t\t<div class=\"elementor-widget-container\">\n\t\t\t\t\t\t\t\t\t<p><strong>Contact<\/strong><br>Kleine Klijtstraat 30, 8540 Deerlijk<\/p>\t\t\t\t\t\t\t\t<\/div>\n\t\t\t\t<\/div>\n\t\t\t\t<div class=\"elementor-element elementor-element-da74781 elementor-widget elementor-widget-text-editor\" data-id=\"da74781\" data-element_type=\"widget\" data-e-type=\"widget\" data-widget_type=\"text-editor.default\">\n\t\t\t\t<div class=\"elementor-widget-container\">\n\t\t\t\t\t\t\t\t\t<table><tbody><tr><th><br>Jour<\/th><th><br>Cuisine<\/th><th><br>Cuisine<\/th><th>Dernier<br>verre<\/th><\/tr><tr><td>Mer<\/td><td>12h00-14h30<\/td><td>18h30-21h00<\/td><td>23h00<\/td><\/tr><tr><td>Jeu<\/td><td>12h00-14h30<\/td><td>18h30-21h00<\/td><td>23h00<\/td><\/tr><tr><td>Ven<\/td><td>12h00-14h30<\/td><td>18h30-21h30<\/td><td>00h00<\/td><\/tr><tr><td>Sam<\/td><td>&#8211;<\/td><td>18h00-21h30<\/td><td>00h00<\/td><\/tr><tr><td>Dim*<\/td><td>11h30-15h00<\/td><td>18h30-20h00<\/td><td>22h00<\/td><\/tr><\/tbody><\/table><p>*<strong>Chaque 2e et 4e dimanche du mois.<br><\/strong>Le dimanche, l\u2019oya bar reste ouvert en continu.<strong><br><\/strong><\/p>\t\t\t\t\t\t\t\t<\/div>\n\t\t\t\t<\/div>\n\t\t\t\t<div class=\"elementor-element elementor-element-300dbda elementor-widget elementor-widget-text-editor\" data-id=\"300dbda\" data-element_type=\"widget\" data-e-type=\"widget\" data-widget_type=\"text-editor.default\">\n\t\t\t\t<div class=\"elementor-widget-container\">\n\t\t\t\t\t\t\t\t\t<p>Vous souhaitez r\u00e9server pour un groupe nombreux ? Profitez de notre salle priv\u00e9e,<strong> l\u2019oya private dining room,<\/strong> pour 10 \u00e0 25 convives dans une ambiance intimiste.   R\u00e9servation ? R\u00e9servation uniquement par t\u00e9l\u00e9phone au <strong>0473 65 07 73.<\/strong> Une soir\u00e9e sur mesure, juste pour vous.<\/p>\t\t\t\t\t\t\t\t<\/div>\n\t\t\t\t<\/div>\n\t\t\t\t<\/div>\n\t\t<div class=\"elementor-element elementor-element-54f59dc e-con-full e-flex e-con e-child\" data-id=\"54f59dc\" data-element_type=\"container\" data-e-type=\"container\">\n\t\t\t\t<div class=\"elementor-element elementor-element-eed5b78 elementor--h-position-center elementor--v-position-middle elementor-invisible elementor-widget elementor-widget-slides\" data-id=\"eed5b78\" data-element_type=\"widget\" data-e-type=\"widget\" data-settings=\"{&quot;navigation&quot;:&quot;none&quot;,&quot;autoplay_speed&quot;:2000,&quot;transition&quot;:&quot;fade&quot;,&quot;transition_speed&quot;:1250,&quot;_animation&quot;:&quot;fadeInRight&quot;,&quot;motion_fx_motion_fx_scrolling&quot;:&quot;yes&quot;,&quot;motion_fx_translateY_effect&quot;:&quot;yes&quot;,&quot;motion_fx_translateY_speed&quot;:{&quot;unit&quot;:&quot;px&quot;,&quot;size&quot;:2,&quot;sizes&quot;:[]},&quot;autoplay&quot;:&quot;yes&quot;,&quot;pause_on_hover&quot;:&quot;yes&quot;,&quot;pause_on_interaction&quot;:&quot;yes&quot;,&quot;infinite&quot;:&quot;yes&quot;,&quot;motion_fx_translateY_affectedRange&quot;:{&quot;unit&quot;:&quot;%&quot;,&quot;size&quot;:&quot;&quot;,&quot;sizes&quot;:{&quot;start&quot;:0,&quot;end&quot;:100}},&quot;motion_fx_devices&quot;:[&quot;desktop&quot;,&quot;tablet&quot;,&quot;mobile&quot;]}\" data-widget_type=\"slides.default\">\n\t\t\t\t<div class=\"elementor-widget-container\">\n\t\t\t\t\t\t\t\t\t<div class=\"elementor-swiper\">\n\t\t\t\t\t<div class=\"elementor-slides-wrapper elementor-main-swiper swiper\" role=\"region\" aria-roledescription=\"carousel\" aria-label=\"Slides\" dir=\"ltr\" data-animation=\"\">\n\t\t\t\t<div class=\"swiper-wrapper elementor-slides\">\n\t\t\t\t\t\t\t\t\t\t<div class=\"elementor-repeater-item-2232459 swiper-slide\" role=\"group\" aria-roledescription=\"slide\"><div class=\"swiper-slide-bg elementor-ken-burns elementor-ken-burns--in\" role=\"img\" aria-label=\"Lunch of diner bij oya restaurant in Deerlijk\"><\/div><div class=\"swiper-slide-inner\" ><div class=\"swiper-slide-contents\"><\/div><\/div><\/div><div class=\"elementor-repeater-item-514491a swiper-slide\" role=\"group\" aria-roledescription=\"slide\"><div class=\"swiper-slide-bg elementor-ken-burns elementor-ken-burns--in\" role=\"img\" aria-label=\"Lunch of diner bij oya restaurant in Deerlijk\"><\/div><div class=\"swiper-slide-inner\" ><div class=\"swiper-slide-contents\"><\/div><\/div><\/div><div class=\"elementor-repeater-item-16298b3 swiper-slide\" role=\"group\" aria-roledescription=\"slide\"><div class=\"swiper-slide-bg elementor-ken-burns elementor-ken-burns--in\" role=\"img\" aria-label=\"Lunch of diner bij oya restaurant in Deerlijk\"><\/div><div class=\"swiper-slide-inner\" ><div class=\"swiper-slide-contents\"><\/div><\/div><\/div><div class=\"elementor-repeater-item-c35504e swiper-slide\" role=\"group\" aria-roledescription=\"slide\"><div class=\"swiper-slide-bg elementor-ken-burns elementor-ken-burns--in\" role=\"img\" aria-label=\"Lunch of diner bij oya restaurant in Deerlijk\"><\/div><div class=\"swiper-slide-inner\" ><div class=\"swiper-slide-contents\"><\/div><\/div><\/div><div class=\"elementor-repeater-item-fe2218c swiper-slide\" role=\"group\" aria-roledescription=\"slide\"><div class=\"swiper-slide-bg elementor-ken-burns elementor-ken-burns--in\" role=\"img\" aria-label=\"Lunch of diner bij oya restaurant in Deerlijk\"><\/div><div class=\"swiper-slide-inner\" ><div class=\"swiper-slide-contents\"><\/div><\/div><\/div>\t\t\t\t<\/div>\n\t\t\t\t\t\t\t\t\t\t\t\t\t\t\t\t\t\t\t\t\t<\/div>\n\t\t\t\t<\/div>\n\t\t\t\t\t\t\t\t<\/div>\n\t\t\t\t<\/div>\n\t\t\t\t<\/div>\n\t\t\t\t\t<\/div>\n\t\t\t\t<\/div>\n\t\t<div class=\"elementor-element elementor-element-d6563fa e-flex e-con-boxed e-con e-parent\" data-id=\"d6563fa\" data-element_type=\"container\" data-e-type=\"container\">\n\t\t\t\t\t<div class=\"e-con-inner\">\n\t\t<div class=\"elementor-element elementor-element-d0ac630 e-con-full e-flex e-con e-child\" data-id=\"d0ac630\" data-element_type=\"container\" data-e-type=\"container\">\n\t\t\t\t<div class=\"elementor-element elementor-element-f709946 elementor-widget elementor-widget-text-editor\" data-id=\"f709946\" data-element_type=\"widget\" data-e-type=\"widget\" data-widget_type=\"text-editor.default\">\n\t\t\t\t<div class=\"elementor-widget-container\">\n\t\t\t\t\t\t\t\t\t<p>Vous avez des questions ou voulez en savoir plus? N\u2019h\u00e9sitez pas \u00e0 nous contacter :<br>\ud83d\udcde T\u00e9l\u00e9phone : <a href=\"tel:0032473650773\">0473 65 07 73<\/a><br>\ud83d\udce7 E-mail: <a href=\"mailto:hello@oyagastrobar.be\">hello@oyagastrobar.be<\/a><\/p><p><strong>R\u00e9seaux sociaux :<\/strong><br>Suivez-nous sur les r\u00e9seaux sociaux pour ne rien manquer de nos actualit\u00e9s et inspirations culinaires.<\/p>\t\t\t\t\t\t\t\t<\/div>\n\t\t\t\t<\/div>\n\t\t\t\t<div class=\"elementor-element elementor-element-b469b52 e-grid-align-left elementor-shape-rounded elementor-grid-0 elementor-widget elementor-widget-social-icons\" data-id=\"b469b52\" data-element_type=\"widget\" data-e-type=\"widget\" data-widget_type=\"social-icons.default\">\n\t\t\t\t<div class=\"elementor-widget-container\">\n\t\t\t\t\t\t\t<div class=\"elementor-social-icons-wrapper elementor-grid\" role=\"list\">\n\t\t\t\t\t\t\t<span class=\"elementor-grid-item\" role=\"listitem\">\n\t\t\t\t\t<a class=\"elementor-icon elementor-social-icon elementor-social-icon-facebook elementor-repeater-item-f969e33\" target=\"_blank\">\n\t\t\t\t\t\t<span class=\"elementor-screen-only\">Facebook<\/span>\n\t\t\t\t\t\t<svg aria-hidden=\"true\" class=\"e-font-icon-svg e-fab-facebook\" viewBox=\"0 0 512 512\" xmlns=\"http:\/\/www.w3.org\/2000\/svg\"><path d=\"M504 256C504 119 393 8 256 8S8 119 8 256c0 123.78 90.69 226.38 209.25 245V327.69h-63V256h63v-54.64c0-62.15 37-96.48 93.67-96.48 27.14 0 55.52 4.84 55.52 4.84v61h-31.28c-30.8 0-40.41 19.12-40.41 38.73V256h68.78l-11 71.69h-57.78V501C413.31 482.38 504 379.78 504 256z\"><\/path><\/svg>\t\t\t\t\t<\/a>\n\t\t\t\t<\/span>\n\t\t\t\t\t\t\t<span class=\"elementor-grid-item\" role=\"listitem\">\n\t\t\t\t\t<a class=\"elementor-icon elementor-social-icon elementor-social-icon-instagram elementor-repeater-item-0365b29\" target=\"_blank\">\n\t\t\t\t\t\t<span class=\"elementor-screen-only\">Instagram<\/span>\n\t\t\t\t\t\t<svg aria-hidden=\"true\" class=\"e-font-icon-svg e-fab-instagram\" viewBox=\"0 0 448 512\" xmlns=\"http:\/\/www.w3.org\/2000\/svg\"><path d=\"M224.1 141c-63.6 0-114.9 51.3-114.9 114.9s51.3 114.9 114.9 114.9S339 319.5 339 255.9 287.7 141 224.1 141zm0 189.6c-41.1 0-74.7-33.5-74.7-74.7s33.5-74.7 74.7-74.7 74.7 33.5 74.7 74.7-33.6 74.7-74.7 74.7zm146.4-194.3c0 14.9-12 26.8-26.8 26.8-14.9 0-26.8-12-26.8-26.8s12-26.8 26.8-26.8 26.8 12 26.8 26.8zm76.1 27.2c-1.7-35.9-9.9-67.7-36.2-93.9-26.2-26.2-58-34.4-93.9-36.2-37-2.1-147.9-2.1-184.9 0-35.8 1.7-67.6 9.9-93.9 36.1s-34.4 58-36.2 93.9c-2.1 37-2.1 147.9 0 184.9 1.7 35.9 9.9 67.7 36.2 93.9s58 34.4 93.9 36.2c37 2.1 147.9 2.1 184.9 0 35.9-1.7 67.7-9.9 93.9-36.2 26.2-26.2 34.4-58 36.2-93.9 2.1-37 2.1-147.8 0-184.8zM398.8 388c-7.8 19.6-22.9 34.7-42.6 42.6-29.5 11.7-99.5 9-132.1 9s-102.7 2.6-132.1-9c-19.6-7.8-34.7-22.9-42.6-42.6-11.7-29.5-9-99.5-9-132.1s-2.6-102.7 9-132.1c7.8-19.6 22.9-34.7 42.6-42.6 29.5-11.7 99.5-9 132.1-9s102.7-2.6 132.1 9c19.6 7.8 34.7 22.9 42.6 42.6 11.7 29.5 9 99.5 9 132.1s2.7 102.7-9 132.1z\"><\/path><\/svg>\t\t\t\t\t<\/a>\n\t\t\t\t<\/span>\n\t\t\t\t\t<\/div>\n\t\t\t\t\t\t<\/div>\n\t\t\t\t<\/div>\n\t\t\t\t<\/div>\n\t\t<div class=\"elementor-element elementor-element-54ddba0 e-con-full e-flex elementor-invisible e-con e-child\" data-id=\"54ddba0\" data-element_type=\"container\" data-e-type=\"container\" data-settings=\"{&quot;motion_fx_motion_fx_scrolling&quot;:&quot;yes&quot;,&quot;motion_fx_translateY_effect&quot;:&quot;yes&quot;,&quot;motion_fx_translateY_speed&quot;:{&quot;unit&quot;:&quot;px&quot;,&quot;size&quot;:2,&quot;sizes&quot;:[]},&quot;animation&quot;:&quot;fadeInUp&quot;,&quot;animation_delay&quot;:3500,&quot;animation_mobile&quot;:&quot;none&quot;,&quot;motion_fx_translateY_affectedRange&quot;:{&quot;unit&quot;:&quot;%&quot;,&quot;size&quot;:&quot;&quot;,&quot;sizes&quot;:{&quot;start&quot;:0,&quot;end&quot;:100}},&quot;motion_fx_devices&quot;:[&quot;desktop&quot;,&quot;tablet&quot;,&quot;mobile&quot;]}\">\n\t\t\t\t<div class=\"elementor-element elementor-element-fba0bec elementor-widget elementor-widget-image\" data-id=\"fba0bec\" data-element_type=\"widget\" data-e-type=\"widget\" data-widget_type=\"image.default\">\n\t\t\t\t<div class=\"elementor-widget-container\">\n\t\t\t\t\t\t\t\t\t\t\t\t\t\t\t<img fetchpriority=\"high\" decoding=\"async\" width=\"683\" height=\"1024\" src=\"https:\/\/oyagastrobar.be\/wp-content\/uploads\/2025\/04\/Lowres-Oya-WAL_4994-683x1024.jpg\" class=\"attachment-large size-large wp-image-2255\" alt=\"oya gastrobar Deerlijk - gerecht\" srcset=\"https:\/\/oyagastrobar.be\/wp-content\/uploads\/2025\/04\/Lowres-Oya-WAL_4994-683x1024.jpg 683w, https:\/\/oyagastrobar.be\/wp-content\/uploads\/2025\/04\/Lowres-Oya-WAL_4994-200x300.jpg 200w, https:\/\/oyagastrobar.be\/wp-content\/uploads\/2025\/04\/Lowres-Oya-WAL_4994-768x1152.jpg 768w, https:\/\/oyagastrobar.be\/wp-content\/uploads\/2025\/04\/Lowres-Oya-WAL_4994-1024x1536.jpg 1024w, https:\/\/oyagastrobar.be\/wp-content\/uploads\/2025\/04\/Lowres-Oya-WAL_4994.jpg 1321w\" sizes=\"(max-width: 683px) 100vw, 683px\" \/>\t\t\t\t\t\t\t\t\t\t\t\t\t\t\t<\/div>\n\t\t\t\t<\/div>\n\t\t\t\t<\/div>\n\t\t<div class=\"elementor-element elementor-element-63ed5cc e-con-full e-flex e-con e-child\" data-id=\"63ed5cc\" data-element_type=\"container\" data-e-type=\"container\" data-settings=\"{&quot;background_background&quot;:&quot;classic&quot;}\">\n\t\t\t\t<div class=\"elementor-element elementor-element-cf3b3fd elementor-invisible elementor-widget elementor-widget-heading\" data-id=\"cf3b3fd\" data-element_type=\"widget\" data-e-type=\"widget\" data-settings=\"{&quot;_animation&quot;:&quot;fadeInUp&quot;,&quot;_animation_delay&quot;:500}\" data-widget_type=\"heading.default\">\n\t\t\t\t<div class=\"elementor-widget-container\">\n\t\t\t\t\t<h2 class=\"elementor-heading-title elementor-size-default\">Pr\u00eat \u00e0 r\u00e9server ?<\/h2>\t\t\t\t<\/div>\n\t\t\t\t<\/div>\n\t\t\t\t<div class=\"elementor-element elementor-element-1a0e17f elementor-invisible elementor-widget elementor-widget-image\" data-id=\"1a0e17f\" data-element_type=\"widget\" data-e-type=\"widget\" data-settings=\"{&quot;_animation&quot;:&quot;fadeInUp&quot;,&quot;_animation_delay&quot;:1500}\" data-widget_type=\"image.default\">\n\t\t\t\t<div class=\"elementor-widget-container\">\n\t\t\t\t\t\t\t\t\t\t\t\t\t\t\t<img decoding=\"async\" width=\"175\" height=\"81\" src=\"https:\/\/oyagastrobar.be\/wp-content\/uploads\/2025\/01\/logo-beige.svg\" class=\"attachment-medium_large size-medium_large wp-image-1990\" alt=\"\" \/>\t\t\t\t\t\t\t\t\t\t\t\t\t\t\t<\/div>\n\t\t\t\t<\/div>\n\t\t\t\t<\/div>\n\t\t\t\t\t<\/div>\n\t\t\t\t<\/div>\n\t\t\t\t<\/div>\n\t\t","protected":false},"excerpt":{"rendered":"<p>Venez vivre l\u2019exp\u00e9rience oya ! ContactKleine Klijtstraat 30, 8540 Deerlijk Jour Cuisine Cuisine Dernierverre Mer 12h00-14h30 18h30-21h00 23h00 Jeu 12h00-14h30 18h30-21h00 23h00 Ven 12h00-14h30 18h30-21h30 00h00 Sam &#8211; 18h00-21h30 00h00 Dim* 11h30-15h00 18h30-20h00 22h00 *Chaque 2e et 4e dimanche du mois.Le dimanche, l\u2019oya bar reste ouvert en continu. Vous souhaitez r\u00e9server pour un groupe nombreux [&hellip;]<\/p>\n","protected":false},"author":1,"featured_media":0,"parent":0,"menu_order":0,"comment_status":"closed","ping_status":"closed","template":"","meta":{"footnotes":""},"class_list":["post-2024","page","type-page","status-publish","hentry"],"yoast_head":"<!-- This site is optimized with the Yoast SEO plugin v27.4 - https:\/\/yoast.com\/product\/yoast-seo-wordpress\/ -->\n<title>Contact \u2013 Oya Gastrobar : Posez vos questions ou r\u00e9servez.<\/title>\n<meta name=\"description\" content=\"Contactez Oya Gastrobar \u00e0 Deerlijk pour toute question ou r\u00e9servation. Nous sommes ravis de vous aider.\" \/>\n<meta name=\"robots\" content=\"index, follow, max-snippet:-1, max-image-preview:large, max-video-preview:-1\" \/>\n<link rel=\"canonical\" href=\"https:\/\/oyagastrobar.be\/fr\/contact\/\" \/>\n<meta property=\"og:locale\" content=\"fr_FR\" \/>\n<meta property=\"og:type\" content=\"article\" \/>\n<meta property=\"og:title\" content=\"Contact \u2013 Oya Gastrobar : Posez vos questions ou r\u00e9servez.\" \/>\n<meta property=\"og:description\" content=\"Contactez Oya Gastrobar \u00e0 Deerlijk pour toute question ou r\u00e9servation. Nous sommes ravis de vous aider.\" \/>\n<meta property=\"og:url\" content=\"https:\/\/oyagastrobar.be\/fr\/contact\/\" \/>\n<meta property=\"og:site_name\" content=\"oya\" \/>\n<meta property=\"article:publisher\" content=\"https:\/\/www.facebook.com\/restaurantmarcusdeerlijk\/\" \/>\n<meta property=\"article:modified_time\" content=\"2025-04-07T09:57:02+00:00\" \/>\n<meta property=\"og:image\" content=\"https:\/\/oyagastrobar.be\/wp-content\/uploads\/2025\/01\/DSC05249-Enhanced-NR-min-200x300.jpg\" \/>\n<meta name=\"twitter:card\" content=\"summary_large_image\" \/>\n<meta name=\"twitter:label1\" content=\"Dur\u00e9e de lecture estim\u00e9e\" \/>\n\t<meta name=\"twitter:data1\" content=\"2 minutes\" \/>\n<script type=\"application\/ld+json\" class=\"yoast-schema-graph\">{\"@context\":\"https:\\\/\\\/schema.org\",\"@graph\":[{\"@type\":\"WebPage\",\"@id\":\"https:\\\/\\\/oyagastrobar.be\\\/fr\\\/contact\\\/\",\"url\":\"https:\\\/\\\/oyagastrobar.be\\\/fr\\\/contact\\\/\",\"name\":\"Contact \u2013 Oya Gastrobar : Posez vos questions ou r\u00e9servez.\",\"isPartOf\":{\"@id\":\"https:\\\/\\\/oyagastrobar.be\\\/fr\\\/#website\"},\"primaryImageOfPage\":{\"@id\":\"https:\\\/\\\/oyagastrobar.be\\\/fr\\\/contact\\\/#primaryimage\"},\"image\":{\"@id\":\"https:\\\/\\\/oyagastrobar.be\\\/fr\\\/contact\\\/#primaryimage\"},\"thumbnailUrl\":\"https:\\\/\\\/oyagastrobar.be\\\/wp-content\\\/uploads\\\/2025\\\/04\\\/Lowres-Oya-WAL_4994-683x1024.jpg\",\"datePublished\":\"2025-01-23T15:39:57+00:00\",\"dateModified\":\"2025-04-07T09:57:02+00:00\",\"description\":\"Contactez Oya Gastrobar \u00e0 Deerlijk pour toute question ou r\u00e9servation. Nous sommes ravis de vous aider.\",\"breadcrumb\":{\"@id\":\"https:\\\/\\\/oyagastrobar.be\\\/fr\\\/contact\\\/#breadcrumb\"},\"inLanguage\":\"fr-FR\",\"potentialAction\":[{\"@type\":\"ReadAction\",\"target\":[\"https:\\\/\\\/oyagastrobar.be\\\/fr\\\/contact\\\/\"]}]},{\"@type\":\"ImageObject\",\"inLanguage\":\"fr-FR\",\"@id\":\"https:\\\/\\\/oyagastrobar.be\\\/fr\\\/contact\\\/#primaryimage\",\"url\":\"https:\\\/\\\/oyagastrobar.be\\\/wp-content\\\/uploads\\\/2025\\\/04\\\/Lowres-Oya-WAL_4994-683x1024.jpg\",\"contentUrl\":\"https:\\\/\\\/oyagastrobar.be\\\/wp-content\\\/uploads\\\/2025\\\/04\\\/Lowres-Oya-WAL_4994-683x1024.jpg\"},{\"@type\":\"BreadcrumbList\",\"@id\":\"https:\\\/\\\/oyagastrobar.be\\\/fr\\\/contact\\\/#breadcrumb\",\"itemListElement\":[{\"@type\":\"ListItem\",\"position\":1,\"name\":\"Home\",\"item\":\"https:\\\/\\\/oyagastrobar.be\\\/fr\\\/\"},{\"@type\":\"ListItem\",\"position\":2,\"name\":\"Contact\"}]},{\"@type\":\"WebSite\",\"@id\":\"https:\\\/\\\/oyagastrobar.be\\\/fr\\\/#website\",\"url\":\"https:\\\/\\\/oyagastrobar.be\\\/fr\\\/\",\"name\":\"oya gastrobar\",\"description\":\"Beleef de smaak\",\"publisher\":{\"@id\":\"https:\\\/\\\/oyagastrobar.be\\\/fr\\\/#organization\"},\"alternateName\":\"oya Deerlijk\",\"potentialAction\":[{\"@type\":\"SearchAction\",\"target\":{\"@type\":\"EntryPoint\",\"urlTemplate\":\"https:\\\/\\\/oyagastrobar.be\\\/fr\\\/?s={search_term_string}\"},\"query-input\":{\"@type\":\"PropertyValueSpecification\",\"valueRequired\":true,\"valueName\":\"search_term_string\"}}],\"inLanguage\":\"fr-FR\"},{\"@type\":\"Organization\",\"@id\":\"https:\\\/\\\/oyagastrobar.be\\\/fr\\\/#organization\",\"name\":\"oya gastrobar\",\"url\":\"https:\\\/\\\/oyagastrobar.be\\\/fr\\\/\",\"logo\":{\"@type\":\"ImageObject\",\"inLanguage\":\"fr-FR\",\"@id\":\"https:\\\/\\\/oyagastrobar.be\\\/fr\\\/#\\\/schema\\\/logo\\\/image\\\/\",\"url\":\"https:\\\/\\\/oyagastrobar.be\\\/wp-content\\\/uploads\\\/2024\\\/11\\\/oya_logo_RGBmetbaseline_kaki-1.svg\",\"contentUrl\":\"https:\\\/\\\/oyagastrobar.be\\\/wp-content\\\/uploads\\\/2024\\\/11\\\/oya_logo_RGBmetbaseline_kaki-1.svg\",\"width\":772,\"height\":237,\"caption\":\"oya gastrobar\"},\"image\":{\"@id\":\"https:\\\/\\\/oyagastrobar.be\\\/fr\\\/#\\\/schema\\\/logo\\\/image\\\/\"},\"sameAs\":[\"https:\\\/\\\/www.facebook.com\\\/restaurantmarcusdeerlijk\\\/\",\"https:\\\/\\\/www.instagram.com\\\/restaurant_marcus\\\/\"]}]}<\/script>\n<!-- \/ Yoast SEO plugin. -->","yoast_head_json":{"title":"Contact \u2013 Oya Gastrobar : Posez vos questions ou r\u00e9servez.","description":"Contactez Oya Gastrobar \u00e0 Deerlijk pour toute question ou r\u00e9servation. Nous sommes ravis de vous aider.","robots":{"index":"index","follow":"follow","max-snippet":"max-snippet:-1","max-image-preview":"max-image-preview:large","max-video-preview":"max-video-preview:-1"},"canonical":"https:\/\/oyagastrobar.be\/fr\/contact\/","og_locale":"fr_FR","og_type":"article","og_title":"Contact \u2013 Oya Gastrobar : Posez vos questions ou r\u00e9servez.","og_description":"Contactez Oya Gastrobar \u00e0 Deerlijk pour toute question ou r\u00e9servation. Nous sommes ravis de vous aider.","og_url":"https:\/\/oyagastrobar.be\/fr\/contact\/","og_site_name":"oya","article_publisher":"https:\/\/www.facebook.com\/restaurantmarcusdeerlijk\/","article_modified_time":"2025-04-07T09:57:02+00:00","og_image":[{"url":"https:\/\/oyagastrobar.be\/wp-content\/uploads\/2025\/01\/DSC05249-Enhanced-NR-min-200x300.jpg","type":"","width":"","height":""}],"twitter_card":"summary_large_image","twitter_misc":{"Dur\u00e9e de lecture estim\u00e9e":"2 minutes"},"schema":{"@context":"https:\/\/schema.org","@graph":[{"@type":"WebPage","@id":"https:\/\/oyagastrobar.be\/fr\/contact\/","url":"https:\/\/oyagastrobar.be\/fr\/contact\/","name":"Contact \u2013 Oya Gastrobar : Posez vos questions ou r\u00e9servez.","isPartOf":{"@id":"https:\/\/oyagastrobar.be\/fr\/#website"},"primaryImageOfPage":{"@id":"https:\/\/oyagastrobar.be\/fr\/contact\/#primaryimage"},"image":{"@id":"https:\/\/oyagastrobar.be\/fr\/contact\/#primaryimage"},"thumbnailUrl":"https:\/\/oyagastrobar.be\/wp-content\/uploads\/2025\/04\/Lowres-Oya-WAL_4994-683x1024.jpg","datePublished":"2025-01-23T15:39:57+00:00","dateModified":"2025-04-07T09:57:02+00:00","description":"Contactez Oya Gastrobar \u00e0 Deerlijk pour toute question ou r\u00e9servation. Nous sommes ravis de vous aider.","breadcrumb":{"@id":"https:\/\/oyagastrobar.be\/fr\/contact\/#breadcrumb"},"inLanguage":"fr-FR","potentialAction":[{"@type":"ReadAction","target":["https:\/\/oyagastrobar.be\/fr\/contact\/"]}]},{"@type":"ImageObject","inLanguage":"fr-FR","@id":"https:\/\/oyagastrobar.be\/fr\/contact\/#primaryimage","url":"https:\/\/oyagastrobar.be\/wp-content\/uploads\/2025\/04\/Lowres-Oya-WAL_4994-683x1024.jpg","contentUrl":"https:\/\/oyagastrobar.be\/wp-content\/uploads\/2025\/04\/Lowres-Oya-WAL_4994-683x1024.jpg"},{"@type":"BreadcrumbList","@id":"https:\/\/oyagastrobar.be\/fr\/contact\/#breadcrumb","itemListElement":[{"@type":"ListItem","position":1,"name":"Home","item":"https:\/\/oyagastrobar.be\/fr\/"},{"@type":"ListItem","position":2,"name":"Contact"}]},{"@type":"WebSite","@id":"https:\/\/oyagastrobar.be\/fr\/#website","url":"https:\/\/oyagastrobar.be\/fr\/","name":"oya gastrobar","description":"Beleef de smaak","publisher":{"@id":"https:\/\/oyagastrobar.be\/fr\/#organization"},"alternateName":"oya Deerlijk","potentialAction":[{"@type":"SearchAction","target":{"@type":"EntryPoint","urlTemplate":"https:\/\/oyagastrobar.be\/fr\/?s={search_term_string}"},"query-input":{"@type":"PropertyValueSpecification","valueRequired":true,"valueName":"search_term_string"}}],"inLanguage":"fr-FR"},{"@type":"Organization","@id":"https:\/\/oyagastrobar.be\/fr\/#organization","name":"oya gastrobar","url":"https:\/\/oyagastrobar.be\/fr\/","logo":{"@type":"ImageObject","inLanguage":"fr-FR","@id":"https:\/\/oyagastrobar.be\/fr\/#\/schema\/logo\/image\/","url":"https:\/\/oyagastrobar.be\/wp-content\/uploads\/2024\/11\/oya_logo_RGBmetbaseline_kaki-1.svg","contentUrl":"https:\/\/oyagastrobar.be\/wp-content\/uploads\/2024\/11\/oya_logo_RGBmetbaseline_kaki-1.svg","width":772,"height":237,"caption":"oya gastrobar"},"image":{"@id":"https:\/\/oyagastrobar.be\/fr\/#\/schema\/logo\/image\/"},"sameAs":["https:\/\/www.facebook.com\/restaurantmarcusdeerlijk\/","https:\/\/www.instagram.com\/restaurant_marcus\/"]}]}},"_links":{"self":[{"href":"https:\/\/oyagastrobar.be\/fr\/wp-json\/wp\/v2\/pages\/2024","targetHints":{"allow":["GET"]}}],"collection":[{"href":"https:\/\/oyagastrobar.be\/fr\/wp-json\/wp\/v2\/pages"}],"about":[{"href":"https:\/\/oyagastrobar.be\/fr\/wp-json\/wp\/v2\/types\/page"}],"author":[{"embeddable":true,"href":"https:\/\/oyagastrobar.be\/fr\/wp-json\/wp\/v2\/users\/1"}],"replies":[{"embeddable":true,"href":"https:\/\/oyagastrobar.be\/fr\/wp-json\/wp\/v2\/comments?post=2024"}],"version-history":[{"count":30,"href":"https:\/\/oyagastrobar.be\/fr\/wp-json\/wp\/v2\/pages\/2024\/revisions"}],"predecessor-version":[{"id":2323,"href":"https:\/\/oyagastrobar.be\/fr\/wp-json\/wp\/v2\/pages\/2024\/revisions\/2323"}],"wp:attachment":[{"href":"https:\/\/oyagastrobar.be\/fr\/wp-json\/wp\/v2\/media?parent=2024"}],"curies":[{"name":"wp","href":"https:\/\/api.w.org\/{rel}","templated":true}]}}