{"id":2058,"date":"2025-02-10T14:32:49","date_gmt":"2025-02-10T13:32:49","guid":{"rendered":"https:\/\/oyagastrobar.be\/politique-de-cookies\/"},"modified":"2025-03-13T15:59:47","modified_gmt":"2025-03-13T14:59:47","slug":"politique-de-cookies","status":"publish","type":"page","link":"https:\/\/oyagastrobar.be\/fr\/politique-de-cookies\/","title":{"rendered":"Politique de cookies"},"content":{"rendered":"\t\t<div data-elementor-type=\"wp-page\" data-elementor-id=\"2058\" class=\"elementor elementor-2058 elementor-1484\" data-elementor-post-type=\"page\">\n\t\t\t\t<div class=\"elementor-element elementor-element-4c9e465 e-flex e-con-boxed e-con e-parent\" data-id=\"4c9e465\" data-element_type=\"container\" data-e-type=\"container\">\n\t\t\t\t\t<div class=\"e-con-inner\">\n\t\t\t\t<div class=\"elementor-element elementor-element-76bc60b elementor-widget elementor-widget-heading\" data-id=\"76bc60b\" data-element_type=\"widget\" data-e-type=\"widget\" data-widget_type=\"heading.default\">\n\t\t\t\t<div class=\"elementor-widget-container\">\n\t\t\t\t\t<h1 class=\"elementor-heading-title elementor-size-default\">Politique de cookies<\/h1>\t\t\t\t<\/div>\n\t\t\t\t<\/div>\n\t\t\t\t<div class=\"elementor-element elementor-element-dea22dc elementor-widget elementor-widget-text-editor\" data-id=\"dea22dc\" data-element_type=\"widget\" data-e-type=\"widget\" data-widget_type=\"text-editor.default\">\n\t\t\t\t<div class=\"elementor-widget-container\">\n\t\t\t\t\t\t\t\t\t<p>Lors de votre visite sur le site, des cookies peuvent \u00eatre plac\u00e9s sur le disque dur de votre ordinateur, uniquement afin d\u2019adapter le site aux besoins des visiteurs r\u00e9currents.<\/p><p><strong style=\"background-color: transparent; color: var( --e-global-color-text ); font-family: var( --e-global-typography-text-font-family ), Sans-serif; text-align: var(--text-align);\">Que sont les cookies ?<\/strong><span style=\"background-color: transparent; color: var( --e-global-color-text ); font-family: var( --e-global-typography-text-font-family ), Sans-serif; font-weight: var( --e-global-typography-text-font-weight ); text-align: var(--text-align);\"> <br>Les cookies sont de petits fichiers de donn\u00e9es ou de texte plac\u00e9s sur votre ordinateur local par les sites web. Ces cookies peuvent avoir divers objectifs : il existe des cookies techniques (par exemple pour les param\u00e8tres de langue), des cookies de session (cookies temporaires) et des cookies de suivi (cookies qui suivent et enregistrent votre comportement sur le site, afin de vous offrir une exp\u00e9rience utilisateur optimale). <br><\/span><\/p><p>Votre navigateur Internet vous permet d&#8217;emp\u00eacher l&rsquo;utilisation des cookies, de recevoir un avertissement lorsqu&rsquo;un cookie est install\u00e9 ou de supprimer les cookies de votre disque dur par la suite. Pour ce faire, consultez la fonction d&rsquo;aide de votre navigateur Internet. <\/p><p><strong style=\"background-color: transparent; color: var( --e-global-color-text ); font-family: var( --e-global-typography-text-font-family ), Sans-serif; text-align: var(--text-align);\">Ce site utilise les cookies suivants. <br><\/strong><span style=\"text-decoration: underline;\">Cookies fonctionnels<\/span><\/p><p>Les cookies fonctionnels sont n\u00e9cessaires pour permettre les fonctionnalit\u00e9s de base de notre site web. Le site ne fonctionnerait pas correctement sans ces cookies, c&rsquo;est pourquoi ils sont activ\u00e9s par d\u00e9faut et ne peuvent pas \u00eatre d\u00e9sactiv\u00e9s. <\/p><p><span style=\"text-decoration: underline;\">Gestion des cookies<br><\/span>Lors de votre premi\u00e8re visite sur ce site, il vous sera demand\u00e9 d\u2019accepter les cookies tiers mentionn\u00e9s ci-dessus. Vous pouvez autoriser ou refuser les cookies par cat\u00e9gorie. Vous pouvez \u00e9galement supprimer \u00e0 tout moment les cookies d\u00e9j\u00e0 install\u00e9s sur votre navigateur, votre ordinateur ou appareil mobile.  <\/p><p>Via les param\u00e8tres de votre navigateur, vous pouvez refuser l&rsquo;installation des cookies. D\u00e9sactiver les cookies peut signifier que certaines fonctionnalit\u00e9s de ce site ne seront pas accessibles. Sur le site suivant, vous trouverez la proc\u00e9dure pour refuser les cookies pour les navigateurs les plus utilis\u00e9s : <a href=\"http:\/\/www.aboutcookies.org\/\" target=\"_blank\" rel=\"noopener\">http:\/\/www.aboutcookies.org\/<\/a>  <\/p><p>Pour profiter pleinement de ce site sans limitations, assurez-vous que les cookies sont activ\u00e9s dans votre navigateur. Pour activer les cookies, vous devez effectuer les actions suivantes : <\/p><p><strong>Microsoft Internet Explorer<\/strong><\/p><ol><li>Dans Internet Explorer, cliquez sur \u00ab Options Internet \u00bb dans le menu \u00ab Outils \u00bb.<\/li><li>Dans l&rsquo;onglet \u00ab Confidentialit\u00e9 \u00bb, d\u00e9placez le curseur des param\u00e8tres sur \u00ab Bas \u00bb ou \u00ab Accepter tous les cookies \u00bb (un param\u00e8tre au-dessus de \u00ab Moyen \u00bb d\u00e9sactive les cookies).<\/li><li>Cliquez sur \u00ab OK \u00bb.<\/li><\/ol><p><strong>Mozilla Firefox<\/strong><\/p><ol><li>Cliquez sur \u00ab Firefox \u00bb dans le coin sup\u00e9rieur gauche de votre navigateur, puis cliquez sur \u00ab Options \u00bb.<\/li><li>Dans l&rsquo;onglet \u00ab Confidentialit\u00e9 \u00bb, assurez-vous que l&rsquo;option \u00ab Demander aux sites de ne pas me suivre \u00bb n&rsquo;est pas coch\u00e9e.<\/li><li>Cliquez sur \u00ab OK \u00bb.<\/li><\/ol><p><strong>Google Chrome<\/strong><\/p><ol><li>Cliquez sur l&rsquo;ic\u00f4ne \u00ab Plus \u00bb en haut \u00e0 droite de votre fen\u00eatre de navigateur et s\u00e9lectionnez \u00ab Param\u00e8tres \u00bb.<\/li><li>Cliquez \u00e0 gauche sur \u00ab Confidentialit\u00e9 et s\u00e9curit\u00e9 \u00bb.<\/li><li>S\u00e9lectionnez maintenant \u00ab Autoriser tous les cookies \u00bb.<\/li><\/ol><p><strong>Safari<\/strong><\/p><ol><li>Cliquez en haut de la fen\u00eatre de votre navigateur sur l&rsquo;option \u00ab Pr\u00e9f\u00e9rences \u00bb.<\/li><li>Cliquez sur \u00ab Confidentialit\u00e9 \u00bb, puis d\u00e9cochez les options suivantes : \u00ab Emp\u00eacher le suivi inter-sites \u00bb et \u00ab Bloquer tous les cookies \u00bb.<\/li><\/ol>\t\t\t\t\t\t\t\t<\/div>\n\t\t\t\t<\/div>\n\t\t\t\t\t<\/div>\n\t\t\t\t<\/div>\n\t\t<div class=\"elementor-element elementor-element-d11f944 e-flex e-con-boxed e-con e-parent\" data-id=\"d11f944\" data-element_type=\"container\" data-e-type=\"container\">\n\t\t\t\t\t<div class=\"e-con-inner\">\n\t\t\t\t<div class=\"elementor-element elementor-element-aad9fd9 elementor-widget elementor-widget-heading\" data-id=\"aad9fd9\" data-element_type=\"widget\" data-e-type=\"widget\" data-widget_type=\"heading.default\">\n\t\t\t\t<div class=\"elementor-widget-container\">\n\t\t\t\t\t<h2 class=\"elementor-heading-title elementor-size-default\">Avertissement sur les cookies \u2013 oyagastrobar.be<\/h2>\t\t\t\t<\/div>\n\t\t\t\t<\/div>\n\t\t\t\t<div class=\"elementor-element elementor-element-6855b86 elementor-widget elementor-widget-html\" data-id=\"6855b86\" data-element_type=\"widget\" data-e-type=\"widget\" data-widget_type=\"html.default\">\n\t\t\t\t<div class=\"elementor-widget-container\">\n\t\t\t\t\t<script id=\"CookieDeclaration\" src=\"https:\/\/consent.cookiebot.com\/b17f1585-a423-494f-a2bb-01ee980d309b\/cd.js\" type=\"text\/javascript\" async><\/script>\t\t\t\t<\/div>\n\t\t\t\t<\/div>\n\t\t\t\t\t<\/div>\n\t\t\t\t<\/div>\n\t\t\t\t<\/div>\n\t\t","protected":false},"excerpt":{"rendered":"<p>Politique de cookies Lors de votre visite sur le site, des cookies peuvent \u00eatre plac\u00e9s sur le disque dur de votre ordinateur, uniquement afin d\u2019adapter le site aux besoins des visiteurs r\u00e9currents. Que sont les cookies ? Les cookies sont de petits fichiers de donn\u00e9es ou de texte plac\u00e9s sur votre ordinateur local par les [&hellip;]<\/p>\n","protected":false},"author":1,"featured_media":0,"parent":0,"menu_order":0,"comment_status":"closed","ping_status":"closed","template":"","meta":{"footnotes":""},"class_list":["post-2058","page","type-page","status-publish","hentry"],"yoast_head":"<!-- This site is optimized with the Yoast SEO plugin v27.5 - https:\/\/yoast.com\/product\/yoast-seo-wordpress\/ -->\n<title>Politique de cookies - oya<\/title>\n<meta name=\"robots\" content=\"index, follow, max-snippet:-1, max-image-preview:large, max-video-preview:-1\" \/>\n<link rel=\"canonical\" href=\"https:\/\/oyagastrobar.be\/fr\/politique-de-cookies\/\" \/>\n<meta property=\"og:locale\" content=\"fr_FR\" \/>\n<meta property=\"og:type\" content=\"article\" \/>\n<meta property=\"og:title\" content=\"Politique de cookies - oya\" \/>\n<meta property=\"og:description\" content=\"Politique de cookies Lors de votre visite sur le site, des cookies peuvent \u00eatre plac\u00e9s sur le disque dur de votre ordinateur, uniquement afin d\u2019adapter le site aux besoins des visiteurs r\u00e9currents. Que sont les cookies ? Les cookies sont de petits fichiers de donn\u00e9es ou de texte plac\u00e9s sur votre ordinateur local par les [&hellip;]\" \/>\n<meta property=\"og:url\" content=\"https:\/\/oyagastrobar.be\/fr\/politique-de-cookies\/\" \/>\n<meta property=\"og:site_name\" content=\"oya\" \/>\n<meta property=\"article:publisher\" content=\"https:\/\/www.facebook.com\/restaurantmarcusdeerlijk\/\" \/>\n<meta property=\"article:modified_time\" content=\"2025-03-13T14:59:47+00:00\" \/>\n<meta name=\"twitter:card\" content=\"summary_large_image\" \/>\n<meta name=\"twitter:label1\" content=\"Dur\u00e9e de lecture estim\u00e9e\" \/>\n\t<meta name=\"twitter:data1\" content=\"2 minutes\" \/>\n<script type=\"application\/ld+json\" class=\"yoast-schema-graph\">{\"@context\":\"https:\\\/\\\/schema.org\",\"@graph\":[{\"@type\":\"WebPage\",\"@id\":\"https:\\\/\\\/oyagastrobar.be\\\/fr\\\/politique-de-cookies\\\/\",\"url\":\"https:\\\/\\\/oyagastrobar.be\\\/fr\\\/politique-de-cookies\\\/\",\"name\":\"Politique de cookies - oya\",\"isPartOf\":{\"@id\":\"https:\\\/\\\/oyagastrobar.be\\\/fr\\\/#website\"},\"datePublished\":\"2025-02-10T13:32:49+00:00\",\"dateModified\":\"2025-03-13T14:59:47+00:00\",\"breadcrumb\":{\"@id\":\"https:\\\/\\\/oyagastrobar.be\\\/fr\\\/politique-de-cookies\\\/#breadcrumb\"},\"inLanguage\":\"fr-FR\",\"potentialAction\":[{\"@type\":\"ReadAction\",\"target\":[\"https:\\\/\\\/oyagastrobar.be\\\/fr\\\/politique-de-cookies\\\/\"]}]},{\"@type\":\"BreadcrumbList\",\"@id\":\"https:\\\/\\\/oyagastrobar.be\\\/fr\\\/politique-de-cookies\\\/#breadcrumb\",\"itemListElement\":[{\"@type\":\"ListItem\",\"position\":1,\"name\":\"Home\",\"item\":\"https:\\\/\\\/oyagastrobar.be\\\/fr\\\/\"},{\"@type\":\"ListItem\",\"position\":2,\"name\":\"Politique de cookies\"}]},{\"@type\":\"WebSite\",\"@id\":\"https:\\\/\\\/oyagastrobar.be\\\/fr\\\/#website\",\"url\":\"https:\\\/\\\/oyagastrobar.be\\\/fr\\\/\",\"name\":\"oya gastrobar\",\"description\":\"Beleef de smaak\",\"publisher\":{\"@id\":\"https:\\\/\\\/oyagastrobar.be\\\/fr\\\/#organization\"},\"alternateName\":\"oya Deerlijk\",\"potentialAction\":[{\"@type\":\"SearchAction\",\"target\":{\"@type\":\"EntryPoint\",\"urlTemplate\":\"https:\\\/\\\/oyagastrobar.be\\\/fr\\\/?s={search_term_string}\"},\"query-input\":{\"@type\":\"PropertyValueSpecification\",\"valueRequired\":true,\"valueName\":\"search_term_string\"}}],\"inLanguage\":\"fr-FR\"},{\"@type\":\"Organization\",\"@id\":\"https:\\\/\\\/oyagastrobar.be\\\/fr\\\/#organization\",\"name\":\"oya gastrobar\",\"url\":\"https:\\\/\\\/oyagastrobar.be\\\/fr\\\/\",\"logo\":{\"@type\":\"ImageObject\",\"inLanguage\":\"fr-FR\",\"@id\":\"https:\\\/\\\/oyagastrobar.be\\\/fr\\\/#\\\/schema\\\/logo\\\/image\\\/\",\"url\":\"https:\\\/\\\/oyagastrobar.be\\\/wp-content\\\/uploads\\\/2024\\\/11\\\/oya_logo_RGBmetbaseline_kaki-1.svg\",\"contentUrl\":\"https:\\\/\\\/oyagastrobar.be\\\/wp-content\\\/uploads\\\/2024\\\/11\\\/oya_logo_RGBmetbaseline_kaki-1.svg\",\"width\":772,\"height\":237,\"caption\":\"oya gastrobar\"},\"image\":{\"@id\":\"https:\\\/\\\/oyagastrobar.be\\\/fr\\\/#\\\/schema\\\/logo\\\/image\\\/\"},\"sameAs\":[\"https:\\\/\\\/www.facebook.com\\\/restaurantmarcusdeerlijk\\\/\",\"https:\\\/\\\/www.instagram.com\\\/restaurant_marcus\\\/\"]}]}<\/script>\n<!-- \/ Yoast SEO plugin. -->","yoast_head_json":{"title":"Politique de cookies - oya","robots":{"index":"index","follow":"follow","max-snippet":"max-snippet:-1","max-image-preview":"max-image-preview:large","max-video-preview":"max-video-preview:-1"},"canonical":"https:\/\/oyagastrobar.be\/fr\/politique-de-cookies\/","og_locale":"fr_FR","og_type":"article","og_title":"Politique de cookies - oya","og_description":"Politique de cookies Lors de votre visite sur le site, des cookies peuvent \u00eatre plac\u00e9s sur le disque dur de votre ordinateur, uniquement afin d\u2019adapter le site aux besoins des visiteurs r\u00e9currents. Que sont les cookies ? Les cookies sont de petits fichiers de donn\u00e9es ou de texte plac\u00e9s sur votre ordinateur local par les [&hellip;]","og_url":"https:\/\/oyagastrobar.be\/fr\/politique-de-cookies\/","og_site_name":"oya","article_publisher":"https:\/\/www.facebook.com\/restaurantmarcusdeerlijk\/","article_modified_time":"2025-03-13T14:59:47+00:00","twitter_card":"summary_large_image","twitter_misc":{"Dur\u00e9e de lecture estim\u00e9e":"2 minutes"},"schema":{"@context":"https:\/\/schema.org","@graph":[{"@type":"WebPage","@id":"https:\/\/oyagastrobar.be\/fr\/politique-de-cookies\/","url":"https:\/\/oyagastrobar.be\/fr\/politique-de-cookies\/","name":"Politique de cookies - oya","isPartOf":{"@id":"https:\/\/oyagastrobar.be\/fr\/#website"},"datePublished":"2025-02-10T13:32:49+00:00","dateModified":"2025-03-13T14:59:47+00:00","breadcrumb":{"@id":"https:\/\/oyagastrobar.be\/fr\/politique-de-cookies\/#breadcrumb"},"inLanguage":"fr-FR","potentialAction":[{"@type":"ReadAction","target":["https:\/\/oyagastrobar.be\/fr\/politique-de-cookies\/"]}]},{"@type":"BreadcrumbList","@id":"https:\/\/oyagastrobar.be\/fr\/politique-de-cookies\/#breadcrumb","itemListElement":[{"@type":"ListItem","position":1,"name":"Home","item":"https:\/\/oyagastrobar.be\/fr\/"},{"@type":"ListItem","position":2,"name":"Politique de cookies"}]},{"@type":"WebSite","@id":"https:\/\/oyagastrobar.be\/fr\/#website","url":"https:\/\/oyagastrobar.be\/fr\/","name":"oya gastrobar","description":"Beleef de smaak","publisher":{"@id":"https:\/\/oyagastrobar.be\/fr\/#organization"},"alternateName":"oya Deerlijk","potentialAction":[{"@type":"SearchAction","target":{"@type":"EntryPoint","urlTemplate":"https:\/\/oyagastrobar.be\/fr\/?s={search_term_string}"},"query-input":{"@type":"PropertyValueSpecification","valueRequired":true,"valueName":"search_term_string"}}],"inLanguage":"fr-FR"},{"@type":"Organization","@id":"https:\/\/oyagastrobar.be\/fr\/#organization","name":"oya gastrobar","url":"https:\/\/oyagastrobar.be\/fr\/","logo":{"@type":"ImageObject","inLanguage":"fr-FR","@id":"https:\/\/oyagastrobar.be\/fr\/#\/schema\/logo\/image\/","url":"https:\/\/oyagastrobar.be\/wp-content\/uploads\/2024\/11\/oya_logo_RGBmetbaseline_kaki-1.svg","contentUrl":"https:\/\/oyagastrobar.be\/wp-content\/uploads\/2024\/11\/oya_logo_RGBmetbaseline_kaki-1.svg","width":772,"height":237,"caption":"oya gastrobar"},"image":{"@id":"https:\/\/oyagastrobar.be\/fr\/#\/schema\/logo\/image\/"},"sameAs":["https:\/\/www.facebook.com\/restaurantmarcusdeerlijk\/","https:\/\/www.instagram.com\/restaurant_marcus\/"]}]}},"_links":{"self":[{"href":"https:\/\/oyagastrobar.be\/fr\/wp-json\/wp\/v2\/pages\/2058","targetHints":{"allow":["GET"]}}],"collection":[{"href":"https:\/\/oyagastrobar.be\/fr\/wp-json\/wp\/v2\/pages"}],"about":[{"href":"https:\/\/oyagastrobar.be\/fr\/wp-json\/wp\/v2\/types\/page"}],"author":[{"embeddable":true,"href":"https:\/\/oyagastrobar.be\/fr\/wp-json\/wp\/v2\/users\/1"}],"replies":[{"embeddable":true,"href":"https:\/\/oyagastrobar.be\/fr\/wp-json\/wp\/v2\/comments?post=2058"}],"version-history":[{"count":1,"href":"https:\/\/oyagastrobar.be\/fr\/wp-json\/wp\/v2\/pages\/2058\/revisions"}],"predecessor-version":[{"id":2059,"href":"https:\/\/oyagastrobar.be\/fr\/wp-json\/wp\/v2\/pages\/2058\/revisions\/2059"}],"wp:attachment":[{"href":"https:\/\/oyagastrobar.be\/fr\/wp-json\/wp\/v2\/media?parent=2058"}],"curies":[{"name":"wp","href":"https:\/\/api.w.org\/{rel}","templated":true}]}}