{"id":2060,"date":"2025-02-06T11:09:59","date_gmt":"2025-02-06T10:09:59","guid":{"rendered":"https:\/\/oyagastrobar.be\/politique-de-confidentialite\/"},"modified":"2025-03-13T16:11:55","modified_gmt":"2025-03-13T15:11:55","slug":"politique-de-confidentialite","status":"publish","type":"page","link":"https:\/\/oyagastrobar.be\/fr\/politique-de-confidentialite\/","title":{"rendered":"Politique de confidentialit\u00e9"},"content":{"rendered":"\t\t<div data-elementor-type=\"wp-page\" data-elementor-id=\"2060\" class=\"elementor elementor-2060 elementor-1304\" data-elementor-post-type=\"page\">\n\t\t\t\t<div class=\"elementor-element elementor-element-bf9f81c e-flex e-con-boxed e-con e-parent\" data-id=\"bf9f81c\" data-element_type=\"container\" data-e-type=\"container\">\n\t\t\t\t\t<div class=\"e-con-inner\">\n\t\t\t\t<div class=\"elementor-element elementor-element-2104895 elementor-widget elementor-widget-heading\" data-id=\"2104895\" data-element_type=\"widget\" data-e-type=\"widget\" data-widget_type=\"heading.default\">\n\t\t\t\t<div class=\"elementor-widget-container\">\n\t\t\t\t\t<h1 class=\"elementor-heading-title elementor-size-default\">Politique de confidentialit\u00e9<\/h1>\t\t\t\t<\/div>\n\t\t\t\t<\/div>\n\t\t\t\t<div class=\"elementor-element elementor-element-2815edf elementor-widget elementor-widget-text-editor\" data-id=\"2815edf\" data-element_type=\"widget\" data-e-type=\"widget\" data-widget_type=\"text-editor.default\">\n\t\t\t\t<div class=\"elementor-widget-container\">\n\t\t\t\t\t\t\t\t\t<p><strong>Qui<\/strong><br>La pr\u00e9sente d\u00e9claration de confidentialit\u00e9 s&rsquo;applique aux donn\u00e9es personnelles trait\u00e9es via le site web et dans le cadre des principales activit\u00e9s du Responsable du traitement. Le Responsable du traitement est Oya Gastrobar, situ\u00e9 \u00e0 Kleine Klijtstraat 30, 8540 Deerlijk, avec le num\u00e9ro d&rsquo;entreprise TVA BE077552796, et les coordonn\u00e9es suivantes : <a href=\"mailto:hello@gastrobar.be\">hello@oyagastrobar.be<\/a> et +32 473 65 07 73 (ci-apr\u00e8s \u00ab Oya Gastrobar \u00bb, \u00ab Nous \u00bb ou le \u00ab Responsable du traitement \u00bb). <\/p><p>Le Responsable du traitement fait tout son possible pour respecter au mieux vos droits \u00e0 la vie priv\u00e9e. Le Responsable du traitement se conforme au R\u00e8glement europ\u00e9en 2016\/679 du 27 avril 2016 concernant la protection des donn\u00e9es personnelles (ci-apr\u00e8s \u00ab RGPD \u00bb) et\/ou \u00e0 toute l\u00e9gislation future ou compl\u00e9mentaire applicable. <\/p><p><strong>Droits de propri\u00e9t\u00e9 intellectuelle<br><\/strong>Le contenu de ce site, y compris les marques, logos, dessins, donn\u00e9es, noms de produits ou d&rsquo;entreprises, textes, images, etc., est prot\u00e9g\u00e9 par des droits de propri\u00e9t\u00e9 intellectuelle et appartient \u00e0 Oya Gastrobar ou \u00e0 des tiers titulaires des droits.<\/p><p><strong>Limitation de responsabilit\u00e9<br><\/strong>Les informations sur le site web sont d&rsquo;ordre g\u00e9n\u00e9ral. Elles ne sont pas adapt\u00e9es \u00e0 des circonstances personnelles ou sp\u00e9cifiques et ne peuvent donc pas \u00eatre consid\u00e9r\u00e9es comme un conseil personnalis\u00e9, professionnel ou juridique pour l&rsquo;utilisateur. <\/p><p>Oya Gastrobar d\u00e9ploie de grands efforts pour que les informations mises \u00e0 disposition soient compl\u00e8tes, exactes, pr\u00e9cises et \u00e0 jour. Malgr\u00e9 ces efforts, des inexactitudes peuvent survenir dans les informations fournies. Si les informations fournies contiennent des erreurs ou si certaines informations sur ou via le site sont indisponibles, Oya Gastrobar fera tout son possible pour corriger cela dans les plus brefs d\u00e9lais.  <\/p><p>Oya Gastrobar ne peut toutefois \u00eatre tenu responsable des dommages directs ou indirects r\u00e9sultant de l&rsquo;utilisation des informations pr\u00e9sentes sur ce site.<\/p><p>Si vous constatez des erreurs dans les informations fournies sur le site, vous pouvez contacter l&rsquo;administrateur du site.<\/p><p>Le contenu du site (y compris les liens) peut \u00eatre modifi\u00e9, adapt\u00e9 ou compl\u00e9t\u00e9 \u00e0 tout moment sans pr\u00e9avis ni notification. Oya Gastrobar ne garantit pas le bon fonctionnement du site web et ne peut en aucun cas \u00eatre tenu responsable d&rsquo;un mauvais fonctionnement ou de l&rsquo;indisponibilit\u00e9 temporaire du site, ni de tout type de dommage, direct ou indirect, r\u00e9sultant de l&rsquo;acc\u00e8s ou de l&rsquo;utilisation du site. <\/p><p>Oya Gastrobar ne peut en aucun cas \u00eatre tenu responsable, de mani\u00e8re directe ou indirecte, sp\u00e9ciale ou autre, des dommages r\u00e9sultant de l&rsquo;utilisation de ce site ou d&rsquo;un autre site, notamment en raison des liens ou hyperliens, y compris, sans limitation, de toute perte, interruption de travail, dommage aux programmes ou autres donn\u00e9es sur le syst\u00e8me informatique, aux \u00e9quipements, logiciels ou autres du utilisateur.<\/p><p>Le site peut contenir des hyperliens vers des sites web ou des pages de tiers, ou y faire r\u00e9f\u00e9rence indirectement. L&rsquo;ajout de liens vers ces sites ou pages n&rsquo;implique en aucun cas une approbation implicite de leur contenu. <\/p><p>Oya Gastrobar d\u00e9clare express\u00e9ment qu&rsquo;elle n&rsquo;a aucune autorit\u00e9 sur le contenu ou les autres caract\u00e9ristiques de ces sites web et ne peut en aucun cas \u00eatre tenue responsable du contenu ou des caract\u00e9ristiques de ces sites, ni de toute autre forme de dommage r\u00e9sultant de leur utilisation.<\/p><p><strong>Qu&rsquo;est-ce que des donn\u00e9es personnelles ?<br><\/strong>Les donn\u00e9es personnelles sont toutes les informations permettant d&rsquo;identifier ou de rendre identifiable une personne physique. Cela inclut des informations de contact telles que votre nom et votre adresse e-mail, mais aussi des donn\u00e9es d&rsquo;utilisation de comptes de r\u00e9seaux sociaux, votre adresse IP, vos pr\u00e9f\u00e9rences, vos informations financi\u00e8res, etc. <\/p><p><b>Quelles donn\u00e9es personnelles traitons-nous ?<br><\/b><span style=\"color: var( --e-global-color-text ); font-family: var( --e-global-typography-text-font-family ), Sans-serif; font-weight: var( --e-global-typography-text-font-weight ); text-align: var(--text-align);\">Les donn\u00e9es personnelles que nous traitons dans le cadre de notre site web :<\/span><\/p><ul><li><span style=\"background-color: transparent; color: var( --e-global-color-text ); font-family: var( --e-global-typography-text-font-family ), Sans-serif; font-weight: var( --e-global-typography-text-font-weight ); text-align: var(--text-align);\">Nom, pr\u00e9nom<\/span><\/li><li><span style=\"background-color: transparent; color: var( --e-global-color-text ); font-family: var( --e-global-typography-text-font-family ), Sans-serif; font-weight: var( --e-global-typography-text-font-weight ); text-align: var(--text-align);\">Adresse e-mail<\/span><\/li><li><span style=\"background-color: transparent; color: var( --e-global-color-text ); font-family: var( --e-global-typography-text-font-family ), Sans-serif; font-weight: var( --e-global-typography-text-font-weight ); text-align: var(--text-align);\">Num\u00e9ro de t\u00e9l\u00e9phone \/ num\u00e9ro de portable<\/span><\/li><li><span style=\"background-color: transparent; color: var( --e-global-color-text ); font-family: var( --e-global-typography-text-font-family ), Sans-serif; font-weight: var( --e-global-typography-text-font-weight ); text-align: var(--text-align);\">Message via le formulaire de contact<\/span><\/li><li><span style=\"background-color: transparent; color: var( --e-global-color-text ); font-family: var( --e-global-typography-text-font-family ), Sans-serif; font-weight: var( --e-global-typography-text-font-weight ); text-align: var(--text-align);\"><span style=\"background-color: transparent; color: var( --e-global-color-text ); font-family: var( --e-global-typography-text-font-family ), Sans-serif; font-weight: var( --e-global-typography-text-font-weight ); text-align: var(--text-align);\"><span style=\"background-color: transparent; color: var( --e-global-color-text ); font-family: var( --e-global-typography-text-font-family ), Sans-serif; font-weight: var( --e-global-typography-text-font-weight ); text-align: var(--text-align);\">Le nombre de personnes visitant le site et les pages qu&rsquo;elles consultent (voir la politique de cookies pour plus d&rsquo;informations).<\/span><\/span><\/span><\/li><\/ul><p>Donn\u00e9es personnelles que nous (pourrait) traiter dans le cadre de notre activit\u00e9 principale et pour respecter les obligations fiscales et comptables :<\/p><ul><li>Coordonn\u00e9es<\/li><li>Informations de facturation<\/li><li>Adresse e-mail<\/li><li>Correspondance<\/li><\/ul><p>Vos donn\u00e9es sont toujours trait\u00e9es de mani\u00e8re confidentielle, non commercialis\u00e9es, vendues, lou\u00e9es ou transmises \u00e0 des tiers en dehors de la relation contractuelle ou d&rsquo;une mission sp\u00e9cifique.<\/p><p>Pour pouvoir offrir ses services, le Responsable du traitement peut \u00eatre assist\u00e9 par un nombre s\u00e9lectif de sous-traitants. Si ceux-ci ont acc\u00e8s \u00e0 vos donn\u00e9es personnelles, les garanties n\u00e9cessaires sont obtenues conform\u00e9ment au RGPD. Les donn\u00e9es sont toujours stock\u00e9es au sein de l&rsquo;UE.  <\/p><p><strong> <\/strong><\/p><h2><strong>Droits<\/strong><\/h2><p><strong>6.1 Droit d&rsquo;acc\u00e8s<br><\/strong>Vous avez le droit de consulter gratuitement \u00e0 tout moment les donn\u00e9es personnelles qu&rsquo;Oya Gastrobar traite \u00e0 votre sujet.<\/p><p><strong>6.2 Droit de rectification, de suppression et de limitation<br><\/strong>Vous \u00eates libre de fournir ou non vos donn\u00e9es personnelles \u00e0 Oya Gastrobar. De plus, vous avez toujours le droit de demander \u00e0 Oya Gastrobar de rectifier, compl\u00e9ter ou supprimer vos donn\u00e9es personnelles. Vous pouvez \u00e9galement demander \u00e0 limiter le traitement de vos donn\u00e9es personnelles.  <\/p><p><strong>6.3 Droit d&rsquo;opposition<br><\/strong>Vous avez le droit de vous opposer au traitement de vos donn\u00e9es personnelles pour des raisons s\u00e9rieuses et l\u00e9gitimes. De plus, vous avez toujours le droit de vous opposer \u00e0 l&rsquo;utilisation de vos donn\u00e9es personnelles \u00e0 des fins de marketing direct ; dans ce cas, il n&rsquo;est m\u00eame pas n\u00e9cessaire de fournir de raisons. <\/p><p><strong>6.4 Droit \u00e0 la portabilit\u00e9 des donn\u00e9es<br><\/strong>Vous avez le droit d&rsquo;obtenir vos donn\u00e9es personnelles fournies \u00e0 Oya Gastrobar dans un format structur\u00e9, couramment utilis\u00e9 et lisible par machine, et\/ou de les transf\u00e9rer \u00e0 d&rsquo;autres responsables du traitement.<\/p><p><strong>6.5 Droit de retrait du consentement<br><\/strong>Dans la mesure o\u00f9 le traitement est bas\u00e9 sur votre consentement pr\u00e9alable, vous avez le droit de retirer ce consentement.<\/p><p><strong>6.6 Exercice de vos droits<br><\/strong>Vous pouvez exercer vos droits en contactant Oya Gastrobar, soit par e-mail \u00e0 <a href=\"mailto:hello@oyagastrobar.be\">hello@oyagastrobar.be<\/a> soit par courrier en envoyant une lettre \u00e0 l&rsquo;adresse du si\u00e8ge d&rsquo;Oya Gastrobar, accompagn\u00e9e d&rsquo;une copie de la face avant de votre carte d&rsquo;identit\u00e9 ou d&rsquo;un autre document vous permettant d&rsquo;\u00eatre identifi\u00e9. Ces informations d&rsquo;identification seront utilis\u00e9es uniquement pour vous identifier conform\u00e9ment au RGPD, puis seront effac\u00e9es et ne seront utilis\u00e9es \u00e0 aucune autre fin. <\/p><p><strong>6.7 Droit de d\u00e9poser une plainte<br><\/strong>Vous avez le droit de d\u00e9poser une plainte aupr\u00e8s de l&rsquo;Autorit\u00e9 belge de protection des donn\u00e9es (GBA), Drukpersstraat 35, 1000 Bruxelles, Tel +32 (0)2 274 48 00, Fax +32 (0)2 274 48 35, e-mail : <a href=\"mailto:contact@apd-gba.be\" target=\"_blank\" rel=\"noopener\">contact@apd-gba.be<\/a>.<\/p><p><strong> <\/strong><\/p><p><strong>Modifications<\/strong> <\/p><p>Le Responsable du traitement se r\u00e9serve le droit de modifier cette d\u00e9claration de confidentialit\u00e9 \u00e0 tout moment en informant les utilisateurs sur cette page. Nous vous conseillons de v\u00e9rifier r\u00e9guli\u00e8rement cette page pour tout changement. La date de la derni\u00e8re modification est indiqu\u00e9e en bas de la page.  <\/p>\t\t\t\t\t\t\t\t<\/div>\n\t\t\t\t<\/div>\n\t\t\t\t\t<\/div>\n\t\t\t\t<\/div>\n\t\t\t\t<\/div>\n\t\t","protected":false},"excerpt":{"rendered":"<p>Politique de confidentialit\u00e9 QuiLa pr\u00e9sente d\u00e9claration de confidentialit\u00e9 s&rsquo;applique aux donn\u00e9es personnelles trait\u00e9es via le site web et dans le cadre des principales activit\u00e9s du Responsable du traitement. Le Responsable du traitement est Oya Gastrobar, situ\u00e9 \u00e0 Kleine Klijtstraat 30, 8540 Deerlijk, avec le num\u00e9ro d&rsquo;entreprise TVA BE077552796, et les coordonn\u00e9es suivantes : hello@oyagastrobar.be et [&hellip;]<\/p>\n","protected":false},"author":1,"featured_media":0,"parent":0,"menu_order":0,"comment_status":"closed","ping_status":"closed","template":"","meta":{"footnotes":""},"class_list":["post-2060","page","type-page","status-publish","hentry"],"yoast_head":"<!-- This site is optimized with the Yoast SEO plugin v27.4 - https:\/\/yoast.com\/product\/yoast-seo-wordpress\/ -->\n<title>Politique de confidentialit\u00e9 \u2013 Comment Oya Gastrobar prot\u00e8ge vos donn\u00e9es<\/title>\n<meta name=\"description\" content=\"Lisez la politique de confidentialit\u00e9 d&#039;Oya Gastrobar et d\u00e9couvrez comment nous traitons et prot\u00e9geons vos donn\u00e9es personnelles conform\u00e9ment aux r\u00e8gles du RGPD.\" \/>\n<meta name=\"robots\" content=\"index, follow, max-snippet:-1, max-image-preview:large, max-video-preview:-1\" \/>\n<link rel=\"canonical\" href=\"https:\/\/oyagastrobar.be\/fr\/politique-de-confidentialite\/\" \/>\n<meta property=\"og:locale\" content=\"fr_FR\" \/>\n<meta property=\"og:type\" content=\"article\" \/>\n<meta property=\"og:title\" content=\"Politique de confidentialit\u00e9 \u2013 Comment Oya Gastrobar prot\u00e8ge vos donn\u00e9es\" \/>\n<meta property=\"og:description\" content=\"Lisez la politique de confidentialit\u00e9 d&#039;Oya Gastrobar et d\u00e9couvrez comment nous traitons et prot\u00e9geons vos donn\u00e9es personnelles conform\u00e9ment aux r\u00e8gles du RGPD.\" \/>\n<meta property=\"og:url\" content=\"https:\/\/oyagastrobar.be\/fr\/politique-de-confidentialite\/\" \/>\n<meta property=\"og:site_name\" content=\"oya\" \/>\n<meta property=\"article:publisher\" content=\"https:\/\/www.facebook.com\/restaurantmarcusdeerlijk\/\" \/>\n<meta property=\"article:modified_time\" content=\"2025-03-13T15:11:55+00:00\" \/>\n<meta name=\"twitter:card\" content=\"summary_large_image\" \/>\n<meta name=\"twitter:label1\" content=\"Dur\u00e9e de lecture estim\u00e9e\" \/>\n\t<meta name=\"twitter:data1\" content=\"6 minutes\" \/>\n<script type=\"application\/ld+json\" class=\"yoast-schema-graph\">{\"@context\":\"https:\\\/\\\/schema.org\",\"@graph\":[{\"@type\":\"WebPage\",\"@id\":\"https:\\\/\\\/oyagastrobar.be\\\/fr\\\/politique-de-confidentialite\\\/\",\"url\":\"https:\\\/\\\/oyagastrobar.be\\\/fr\\\/politique-de-confidentialite\\\/\",\"name\":\"Politique de confidentialit\u00e9 \u2013 Comment Oya Gastrobar prot\u00e8ge vos donn\u00e9es\",\"isPartOf\":{\"@id\":\"https:\\\/\\\/oyagastrobar.be\\\/fr\\\/#website\"},\"datePublished\":\"2025-02-06T10:09:59+00:00\",\"dateModified\":\"2025-03-13T15:11:55+00:00\",\"description\":\"Lisez la politique de confidentialit\u00e9 d'Oya Gastrobar et d\u00e9couvrez comment nous traitons et prot\u00e9geons vos donn\u00e9es personnelles conform\u00e9ment aux r\u00e8gles du RGPD.\",\"breadcrumb\":{\"@id\":\"https:\\\/\\\/oyagastrobar.be\\\/fr\\\/politique-de-confidentialite\\\/#breadcrumb\"},\"inLanguage\":\"fr-FR\",\"potentialAction\":[{\"@type\":\"ReadAction\",\"target\":[\"https:\\\/\\\/oyagastrobar.be\\\/fr\\\/politique-de-confidentialite\\\/\"]}]},{\"@type\":\"BreadcrumbList\",\"@id\":\"https:\\\/\\\/oyagastrobar.be\\\/fr\\\/politique-de-confidentialite\\\/#breadcrumb\",\"itemListElement\":[{\"@type\":\"ListItem\",\"position\":1,\"name\":\"Home\",\"item\":\"https:\\\/\\\/oyagastrobar.be\\\/fr\\\/\"},{\"@type\":\"ListItem\",\"position\":2,\"name\":\"Politique de confidentialit\u00e9\"}]},{\"@type\":\"WebSite\",\"@id\":\"https:\\\/\\\/oyagastrobar.be\\\/fr\\\/#website\",\"url\":\"https:\\\/\\\/oyagastrobar.be\\\/fr\\\/\",\"name\":\"oya gastrobar\",\"description\":\"Beleef de smaak\",\"publisher\":{\"@id\":\"https:\\\/\\\/oyagastrobar.be\\\/fr\\\/#organization\"},\"alternateName\":\"oya Deerlijk\",\"potentialAction\":[{\"@type\":\"SearchAction\",\"target\":{\"@type\":\"EntryPoint\",\"urlTemplate\":\"https:\\\/\\\/oyagastrobar.be\\\/fr\\\/?s={search_term_string}\"},\"query-input\":{\"@type\":\"PropertyValueSpecification\",\"valueRequired\":true,\"valueName\":\"search_term_string\"}}],\"inLanguage\":\"fr-FR\"},{\"@type\":\"Organization\",\"@id\":\"https:\\\/\\\/oyagastrobar.be\\\/fr\\\/#organization\",\"name\":\"oya gastrobar\",\"url\":\"https:\\\/\\\/oyagastrobar.be\\\/fr\\\/\",\"logo\":{\"@type\":\"ImageObject\",\"inLanguage\":\"fr-FR\",\"@id\":\"https:\\\/\\\/oyagastrobar.be\\\/fr\\\/#\\\/schema\\\/logo\\\/image\\\/\",\"url\":\"https:\\\/\\\/oyagastrobar.be\\\/wp-content\\\/uploads\\\/2024\\\/11\\\/oya_logo_RGBmetbaseline_kaki-1.svg\",\"contentUrl\":\"https:\\\/\\\/oyagastrobar.be\\\/wp-content\\\/uploads\\\/2024\\\/11\\\/oya_logo_RGBmetbaseline_kaki-1.svg\",\"width\":772,\"height\":237,\"caption\":\"oya gastrobar\"},\"image\":{\"@id\":\"https:\\\/\\\/oyagastrobar.be\\\/fr\\\/#\\\/schema\\\/logo\\\/image\\\/\"},\"sameAs\":[\"https:\\\/\\\/www.facebook.com\\\/restaurantmarcusdeerlijk\\\/\",\"https:\\\/\\\/www.instagram.com\\\/restaurant_marcus\\\/\"]}]}<\/script>\n<!-- \/ Yoast SEO plugin. -->","yoast_head_json":{"title":"Politique de confidentialit\u00e9 \u2013 Comment Oya Gastrobar prot\u00e8ge vos donn\u00e9es","description":"Lisez la politique de confidentialit\u00e9 d'Oya Gastrobar et d\u00e9couvrez comment nous traitons et prot\u00e9geons vos donn\u00e9es personnelles conform\u00e9ment aux r\u00e8gles du RGPD.","robots":{"index":"index","follow":"follow","max-snippet":"max-snippet:-1","max-image-preview":"max-image-preview:large","max-video-preview":"max-video-preview:-1"},"canonical":"https:\/\/oyagastrobar.be\/fr\/politique-de-confidentialite\/","og_locale":"fr_FR","og_type":"article","og_title":"Politique de confidentialit\u00e9 \u2013 Comment Oya Gastrobar prot\u00e8ge vos donn\u00e9es","og_description":"Lisez la politique de confidentialit\u00e9 d'Oya Gastrobar et d\u00e9couvrez comment nous traitons et prot\u00e9geons vos donn\u00e9es personnelles conform\u00e9ment aux r\u00e8gles du RGPD.","og_url":"https:\/\/oyagastrobar.be\/fr\/politique-de-confidentialite\/","og_site_name":"oya","article_publisher":"https:\/\/www.facebook.com\/restaurantmarcusdeerlijk\/","article_modified_time":"2025-03-13T15:11:55+00:00","twitter_card":"summary_large_image","twitter_misc":{"Dur\u00e9e de lecture estim\u00e9e":"6 minutes"},"schema":{"@context":"https:\/\/schema.org","@graph":[{"@type":"WebPage","@id":"https:\/\/oyagastrobar.be\/fr\/politique-de-confidentialite\/","url":"https:\/\/oyagastrobar.be\/fr\/politique-de-confidentialite\/","name":"Politique de confidentialit\u00e9 \u2013 Comment Oya Gastrobar prot\u00e8ge vos donn\u00e9es","isPartOf":{"@id":"https:\/\/oyagastrobar.be\/fr\/#website"},"datePublished":"2025-02-06T10:09:59+00:00","dateModified":"2025-03-13T15:11:55+00:00","description":"Lisez la politique de confidentialit\u00e9 d'Oya Gastrobar et d\u00e9couvrez comment nous traitons et prot\u00e9geons vos donn\u00e9es personnelles conform\u00e9ment aux r\u00e8gles du RGPD.","breadcrumb":{"@id":"https:\/\/oyagastrobar.be\/fr\/politique-de-confidentialite\/#breadcrumb"},"inLanguage":"fr-FR","potentialAction":[{"@type":"ReadAction","target":["https:\/\/oyagastrobar.be\/fr\/politique-de-confidentialite\/"]}]},{"@type":"BreadcrumbList","@id":"https:\/\/oyagastrobar.be\/fr\/politique-de-confidentialite\/#breadcrumb","itemListElement":[{"@type":"ListItem","position":1,"name":"Home","item":"https:\/\/oyagastrobar.be\/fr\/"},{"@type":"ListItem","position":2,"name":"Politique de confidentialit\u00e9"}]},{"@type":"WebSite","@id":"https:\/\/oyagastrobar.be\/fr\/#website","url":"https:\/\/oyagastrobar.be\/fr\/","name":"oya gastrobar","description":"Beleef de smaak","publisher":{"@id":"https:\/\/oyagastrobar.be\/fr\/#organization"},"alternateName":"oya Deerlijk","potentialAction":[{"@type":"SearchAction","target":{"@type":"EntryPoint","urlTemplate":"https:\/\/oyagastrobar.be\/fr\/?s={search_term_string}"},"query-input":{"@type":"PropertyValueSpecification","valueRequired":true,"valueName":"search_term_string"}}],"inLanguage":"fr-FR"},{"@type":"Organization","@id":"https:\/\/oyagastrobar.be\/fr\/#organization","name":"oya gastrobar","url":"https:\/\/oyagastrobar.be\/fr\/","logo":{"@type":"ImageObject","inLanguage":"fr-FR","@id":"https:\/\/oyagastrobar.be\/fr\/#\/schema\/logo\/image\/","url":"https:\/\/oyagastrobar.be\/wp-content\/uploads\/2024\/11\/oya_logo_RGBmetbaseline_kaki-1.svg","contentUrl":"https:\/\/oyagastrobar.be\/wp-content\/uploads\/2024\/11\/oya_logo_RGBmetbaseline_kaki-1.svg","width":772,"height":237,"caption":"oya gastrobar"},"image":{"@id":"https:\/\/oyagastrobar.be\/fr\/#\/schema\/logo\/image\/"},"sameAs":["https:\/\/www.facebook.com\/restaurantmarcusdeerlijk\/","https:\/\/www.instagram.com\/restaurant_marcus\/"]}]}},"_links":{"self":[{"href":"https:\/\/oyagastrobar.be\/fr\/wp-json\/wp\/v2\/pages\/2060","targetHints":{"allow":["GET"]}}],"collection":[{"href":"https:\/\/oyagastrobar.be\/fr\/wp-json\/wp\/v2\/pages"}],"about":[{"href":"https:\/\/oyagastrobar.be\/fr\/wp-json\/wp\/v2\/types\/page"}],"author":[{"embeddable":true,"href":"https:\/\/oyagastrobar.be\/fr\/wp-json\/wp\/v2\/users\/1"}],"replies":[{"embeddable":true,"href":"https:\/\/oyagastrobar.be\/fr\/wp-json\/wp\/v2\/comments?post=2060"}],"version-history":[{"count":1,"href":"https:\/\/oyagastrobar.be\/fr\/wp-json\/wp\/v2\/pages\/2060\/revisions"}],"predecessor-version":[{"id":2061,"href":"https:\/\/oyagastrobar.be\/fr\/wp-json\/wp\/v2\/pages\/2060\/revisions\/2061"}],"wp:attachment":[{"href":"https:\/\/oyagastrobar.be\/fr\/wp-json\/wp\/v2\/media?parent=2060"}],"curies":[{"name":"wp","href":"https:\/\/api.w.org\/{rel}","templated":true}]}}